{"id":175,"date":"2023-09-21T17:48:06","date_gmt":"2023-09-21T15:48:06","guid":{"rendered":"https:\/\/estudiocoaching.com.ar\/?page_id=175"},"modified":"2023-09-21T18:04:47","modified_gmt":"2023-09-21T16:04:47","slug":"coaching-empresarial","status":"publish","type":"page","link":"https:\/\/estudiocoaching.com.ar\/index.php\/coaching-empresarial\/","title":{"rendered":"Coaching Empresarial"},"content":{"rendered":"<div class=\"wp-block-image\">\n<figure class=\"aligncenter size-large\"><img decoding=\"async\" loading=\"lazy\" width=\"1024\" height=\"576\" src=\"https:\/\/estudiocoaching.com.ar\/wp-content\/uploads\/2023\/09\/Presentacion-lluvia-de-ideas-estilo-profesional-minimalista-blanco-y-negro_20230921_103108_0000_page-0001-1024x576.jpg\" alt=\"\" class=\"wp-image-176\" srcset=\"https:\/\/estudiocoaching.com.ar\/wp-content\/uploads\/2023\/09\/Presentacion-lluvia-de-ideas-estilo-profesional-minimalista-blanco-y-negro_20230921_103108_0000_page-0001-1024x576.jpg 1024w, https:\/\/estudiocoaching.com.ar\/wp-content\/uploads\/2023\/09\/Presentacion-lluvia-de-ideas-estilo-profesional-minimalista-blanco-y-negro_20230921_103108_0000_page-0001-300x169.jpg 300w, https:\/\/estudiocoaching.com.ar\/wp-content\/uploads\/2023\/09\/Presentacion-lluvia-de-ideas-estilo-profesional-minimalista-blanco-y-negro_20230921_103108_0000_page-0001-768x432.jpg 768w, https:\/\/estudiocoaching.com.ar\/wp-content\/uploads\/2023\/09\/Presentacion-lluvia-de-ideas-estilo-profesional-minimalista-blanco-y-negro_20230921_103108_0000_page-0001-1536x864.jpg 1536w, https:\/\/estudiocoaching.com.ar\/wp-content\/uploads\/2023\/09\/Presentacion-lluvia-de-ideas-estilo-profesional-minimalista-blanco-y-negro_20230921_103108_0000_page-0001-2048x1152.jpg 2048w, https:\/\/estudiocoaching.com.ar\/wp-content\/uploads\/2023\/09\/Presentacion-lluvia-de-ideas-estilo-profesional-minimalista-blanco-y-negro_20230921_103108_0000_page-0001-1920x1080.jpg 1920w\" sizes=\"(max-width: 1024px) 100vw, 1024px\" \/><\/figure><\/div>\n\n\n<p>El coaching empresarial es una pr\u00e1ctica profesional que se centra en ayudar a las organizaciones y a sus empleados a alcanzar sus objetivos, mejorar su rendimiento y desarrollar sus habilidades y competencias. Se basa en una relaci\u00f3n de colaboraci\u00f3n entre un coach empresarial y un cliente (ya sea un individuo, un equipo o una empresa), en la que el coach utiliza una variedad de t\u00e9cnicas y herramientas para facilitar el aprendizaje, el crecimiento y el logro de metas.<\/p>\n\n\n\n<h2 class=\"wp-block-heading\">\u00bfPara qu\u00e9 sirve el Coaching Empresarial?:<\/h2>\n\n\n\n<ul>\n<li>Mejorar el Liderazgo: El coaching empresarial puede ayudar a los l\u00edderes a desarrollar habilidades de liderazgo efectivas, como la toma de decisiones, la comunicaci\u00f3n, la gesti\u00f3n de equipos y la resoluci\u00f3n de conflictos.<\/li>\n\n\n\n<li>Desarrollo de Habilidades: Los empleados pueden aprovechar el coaching para mejorar habilidades espec\u00edficas relevantes para su trabajo, como habilidades de ventas, habilidades de presentaci\u00f3n o gesti\u00f3n del tiempo.<\/li>\n\n\n\n<li>Optimizaci\u00f3n del Rendimiento: Las organizaciones pueden utilizar el coaching para aumentar el rendimiento de sus empleados, lo que puede traducirse en un mayor \u00e9xito empresarial. Esto implica establecer metas claras y medibles y trabajar en estrategias para alcanzarlas.<\/li>\n\n\n\n<li>Gesti\u00f3n del Cambio: En momentos de cambio organizacional, como reestructuraciones o fusiones, el coaching puede ayudar a los empleados a adaptarse y afrontar los desaf\u00edos de manera m\u00e1s efectiva.<\/li>\n\n\n\n<li>Mejorar la Comunicaci\u00f3n: El coaching puede facilitar la mejora de la comunicaci\u00f3n dentro de la organizaci\u00f3n, lo que puede reducir los malentendidos y conflictos, promoviendo un ambiente de trabajo m\u00e1s armonioso.<\/li>\n\n\n\n<li>Desarrollo de Equipos: Para equipos de trabajo, el coaching puede fortalecer la colaboraci\u00f3n, la cohesi\u00f3n y la efectividad, permitiendo que los miembros del equipo trabajen mejor juntos hacia un objetivo com\u00fan.<\/li>\n\n\n\n<li>Planificaci\u00f3n Estrat\u00e9gica: Las empresas pueden utilizar el coaching para ayudar en la planificaci\u00f3n estrat\u00e9gica y el desarrollo de estrategias empresariales a largo plazo.<\/li>\n\n\n\n<li>Desarrollo de Carrera: Los individuos pueden aprovechar el coaching para establecer metas profesionales, identificar \u00e1reas de mejora y avanzar en sus carreras.<\/li>\n<\/ul>\n\n\n<div class=\"wp-block-image\">\n<figure class=\"aligncenter size-large\"><img decoding=\"async\" loading=\"lazy\" width=\"1024\" height=\"639\" src=\"https:\/\/estudiocoaching.com.ar\/wp-content\/uploads\/2023\/09\/coaching-empresarial-1024x639.jpg\" alt=\"\" class=\"wp-image-177\" srcset=\"https:\/\/estudiocoaching.com.ar\/wp-content\/uploads\/2023\/09\/coaching-empresarial-1024x639.jpg 1024w, https:\/\/estudiocoaching.com.ar\/wp-content\/uploads\/2023\/09\/coaching-empresarial-300x187.jpg 300w, https:\/\/estudiocoaching.com.ar\/wp-content\/uploads\/2023\/09\/coaching-empresarial-768x480.jpg 768w, https:\/\/estudiocoaching.com.ar\/wp-content\/uploads\/2023\/09\/coaching-empresarial-1536x959.jpg 1536w, https:\/\/estudiocoaching.com.ar\/wp-content\/uploads\/2023\/09\/coaching-empresarial.jpg 1600w\" sizes=\"(max-width: 1024px) 100vw, 1024px\" \/><\/figure><\/div>\n\n\n<p>En resumen, el coaching empresarial es una herramienta valiosa para mejorar el desempe\u00f1o individual y organizacional, desarrollar habilidades y alcanzar metas en el entorno empresarial. Ayuda a las personas y a las empresas a maximizar su potencial y a enfrentar desaf\u00edos de manera m\u00e1s efectiva, promoviendo el crecimiento y el \u00e9xito a largo plazo.<\/p>\n","protected":false},"excerpt":{"rendered":"<p>El coaching empresarial es una pr\u00e1ctica profesional que se centra en ayudar a las organizaciones y a sus empleados a alcanzar sus objetivos, mejorar su rendimiento y desarrollar sus habilidades y competencias. Se basa en una relaci\u00f3n de colaboraci\u00f3n entre un coach empresarial y un cliente (ya sea un individuo, un equipo o una empresa),&hellip; <br \/> <a class=\"read-more\" href=\"https:\/\/estudiocoaching.com.ar\/index.php\/coaching-empresarial\/\">Leer m\u00e1s<\/a><\/p>\n","protected":false},"author":1,"featured_media":0,"parent":0,"menu_order":0,"comment_status":"closed","ping_status":"closed","template":"","meta":{"footnotes":""},"_links":{"self":[{"href":"https:\/\/estudiocoaching.com.ar\/index.php\/wp-json\/wp\/v2\/pages\/175"}],"collection":[{"href":"https:\/\/estudiocoaching.com.ar\/index.php\/wp-json\/wp\/v2\/pages"}],"about":[{"href":"https:\/\/estudiocoaching.com.ar\/index.php\/wp-json\/wp\/v2\/types\/page"}],"author":[{"embeddable":true,"href":"https:\/\/estudiocoaching.com.ar\/index.php\/wp-json\/wp\/v2\/users\/1"}],"replies":[{"embeddable":true,"href":"https:\/\/estudiocoaching.com.ar\/index.php\/wp-json\/wp\/v2\/comments?post=175"}],"version-history":[{"count":2,"href":"https:\/\/estudiocoaching.com.ar\/index.php\/wp-json\/wp\/v2\/pages\/175\/revisions"}],"predecessor-version":[{"id":179,"href":"https:\/\/estudiocoaching.com.ar\/index.php\/wp-json\/wp\/v2\/pages\/175\/revisions\/179"}],"wp:attachment":[{"href":"https:\/\/estudiocoaching.com.ar\/index.php\/wp-json\/wp\/v2\/media?parent=175"}],"curies":[{"name":"wp","href":"https:\/\/api.w.org\/{rel}","templated":true}]}}