{"id":2,"date":"2023-09-13T17:07:32","date_gmt":"2023-09-13T15:07:32","guid":{"rendered":"https:\/\/estudiocoaching.com.ar\/?page_id=2"},"modified":"2023-09-18T14:19:33","modified_gmt":"2023-09-18T12:19:33","slug":"pagina-ejemplo","status":"publish","type":"page","link":"https:\/\/estudiocoaching.com.ar\/index.php\/pagina-ejemplo\/","title":{"rendered":"\u00bfQu\u00e9 es el Coaching?"},"content":{"rendered":"\n<p class=\"has-text-align-center\">Proceso conversacional donde el coach acompa\u00f1a a su cliente a descubrir herramientas para el cambio deseado.<\/p>\n\n\n\n<p class=\"has-text-align-center\">Esta pr\u00e1ctica despliega t\u00e9cnicas estrat\u00e9gicas de comunicaci\u00f3n que requieren inventiva, intuici\u00f3n para adaptarla a cada individuo o equipo, para crear las condiciones que le permiten, reflexionar, comprender su sistema de percepci\u00f3n en interpretaci\u00f3n de la realidad, conectar con su SER, crear nuevos observadores y desde aqu\u00ed nuevas formas de relacionarse para alcanzar objetivos.<\/p>\n\n\n<div class=\"wp-block-image\">\n<figure class=\"aligncenter size-full\"><img decoding=\"async\" loading=\"lazy\" width=\"770\" height=\"478\" src=\"https:\/\/estudiocoaching.com.ar\/wp-content\/uploads\/2023\/09\/shutterstock_1415097965-770x478-1.jpg\" alt=\"\" class=\"wp-image-52\" srcset=\"https:\/\/estudiocoaching.com.ar\/wp-content\/uploads\/2023\/09\/shutterstock_1415097965-770x478-1.jpg 770w, https:\/\/estudiocoaching.com.ar\/wp-content\/uploads\/2023\/09\/shutterstock_1415097965-770x478-1-300x186.jpg 300w, https:\/\/estudiocoaching.com.ar\/wp-content\/uploads\/2023\/09\/shutterstock_1415097965-770x478-1-768x477.jpg 768w\" sizes=\"(max-width: 770px) 100vw, 770px\" \/><figcaption class=\"wp-element-caption\">          <em>\u00abEl \u00fanico viaje imposible es el que nunca comienzas\u00bb. Tony Robbins<\/em><\/figcaption><\/figure><\/div>","protected":false},"excerpt":{"rendered":"<p>Proceso conversacional donde el coach acompa\u00f1a a su cliente a descubrir herramientas para el cambio deseado. Esta pr\u00e1ctica despliega t\u00e9cnicas estrat\u00e9gicas de comunicaci\u00f3n que requieren inventiva, intuici\u00f3n para adaptarla a cada individuo o equipo, para crear las condiciones que le permiten, reflexionar, comprender su sistema de percepci\u00f3n en interpretaci\u00f3n de la realidad, conectar con su&hellip; <br \/> <a class=\"read-more\" href=\"https:\/\/estudiocoaching.com.ar\/index.php\/pagina-ejemplo\/\">Leer m\u00e1s<\/a><\/p>\n","protected":false},"author":1,"featured_media":0,"parent":0,"menu_order":0,"comment_status":"closed","ping_status":"closed","template":"","meta":{"footnotes":""},"_links":{"self":[{"href":"https:\/\/estudiocoaching.com.ar\/index.php\/wp-json\/wp\/v2\/pages\/2"}],"collection":[{"href":"https:\/\/estudiocoaching.com.ar\/index.php\/wp-json\/wp\/v2\/pages"}],"about":[{"href":"https:\/\/estudiocoaching.com.ar\/index.php\/wp-json\/wp\/v2\/types\/page"}],"author":[{"embeddable":true,"href":"https:\/\/estudiocoaching.com.ar\/index.php\/wp-json\/wp\/v2\/users\/1"}],"replies":[{"embeddable":true,"href":"https:\/\/estudiocoaching.com.ar\/index.php\/wp-json\/wp\/v2\/comments?post=2"}],"version-history":[{"count":7,"href":"https:\/\/estudiocoaching.com.ar\/index.php\/wp-json\/wp\/v2\/pages\/2\/revisions"}],"predecessor-version":[{"id":59,"href":"https:\/\/estudiocoaching.com.ar\/index.php\/wp-json\/wp\/v2\/pages\/2\/revisions\/59"}],"wp:attachment":[{"href":"https:\/\/estudiocoaching.com.ar\/index.php\/wp-json\/wp\/v2\/media?parent=2"}],"curies":[{"name":"wp","href":"https:\/\/api.w.org\/{rel}","templated":true}]}}