{"id":219,"date":"2023-12-18T21:11:12","date_gmt":"2023-12-18T20:11:12","guid":{"rendered":"https:\/\/estudiocoaching.com.ar\/?page_id=219"},"modified":"2023-12-20T20:38:51","modified_gmt":"2023-12-20T19:38:51","slug":"juventud-de-pergamino","status":"publish","type":"page","link":"https:\/\/estudiocoaching.com.ar\/index.php\/juventud-de-pergamino\/","title":{"rendered":"Juventud de Pergamino"},"content":{"rendered":"\n<figure class=\"wp-block-image size-large\"><img decoding=\"async\" loading=\"lazy\" width=\"1024\" height=\"545\" src=\"https:\/\/estudiocoaching.com.ar\/wp-content\/uploads\/2023\/12\/cropped-photo_4900037349904329874_y-1024x545.jpg\" alt=\"\" class=\"wp-image-207\" srcset=\"https:\/\/estudiocoaching.com.ar\/wp-content\/uploads\/2023\/12\/cropped-photo_4900037349904329874_y-1024x545.jpg 1024w, https:\/\/estudiocoaching.com.ar\/wp-content\/uploads\/2023\/12\/cropped-photo_4900037349904329874_y-300x160.jpg 300w, https:\/\/estudiocoaching.com.ar\/wp-content\/uploads\/2023\/12\/cropped-photo_4900037349904329874_y-768x409.jpg 768w, https:\/\/estudiocoaching.com.ar\/wp-content\/uploads\/2023\/12\/cropped-photo_4900037349904329874_y.jpg 1110w\" sizes=\"(max-width: 1024px) 100vw, 1024px\" \/><\/figure>\n\n\n\n<p>En el marco del Coaching Deportivo llevado a cabo en el Club Juventud de Pergamino, se implement\u00f3 un enfoque integral que abarc\u00f3 distintas dimensiones del rendimiento deportivo. Se dise\u00f1aron y ejecutaron rigurosos programas de entrenamiento f\u00edsico-cognitivo, destacando la importancia de la conexi\u00f3n entre mente y cuerpo para potenciar el desempe\u00f1o atl\u00e9tico.<\/p>\n\n\n\n<p>Adem\u00e1s, se implementaron sesiones espec\u00edficas de entrenamiento cognitivo, enfocadas en el desarrollo de habilidades mentales clave para el rendimiento deportivo \u00f3ptimo. La cohesi\u00f3n de equipo fue un pilar fundamental, mediante actividades y din\u00e1micas que fortalecieron los lazos entre los miembros, fomentando as\u00ed un ambiente propicio para el trabajo en equipo.<\/p>\n\n\n\n<p>El componente de trabajo en equipo se abord\u00f3 con estrategias espec\u00edficas, promoviendo la comunicaci\u00f3n efectiva, la colaboraci\u00f3n y la comprensi\u00f3n mutua entre los jugadores. Se realizaron ejercicios dise\u00f1ados para potenciar las habilidades colectivas, mejorando la sincronizaci\u00f3n y coordinaci\u00f3n en el campo de juego.<\/p>\n\n\n\n<p>El fortalecimiento mental tanto a nivel colectivo como individual fue un aspecto esencial del programa de coaching. Se brindaron herramientas y t\u00e9cnicas para gestionar la presi\u00f3n, mantener la concentraci\u00f3n y superar adversidades, contribuyendo as\u00ed a la resiliencia mental del equipo.<\/p>\n\n\n\n<p>Los resultados obtenidos hasta el momento han sido extraordinarios, superando los logros de a\u00f1os anteriores en el Club Juventud de Pergamino. Este \u00e9xito puede atribuirse a la combinaci\u00f3n efectiva de entrenamiento f\u00edsico-cognitivo, fortalecimiento mental y estrategias de trabajo en equipo, demostrando el impacto positivo del enfoque integral implementado en el desarrollo deportivo del club.<\/p>\n\n\n\n<figure class=\"wp-block-video\"><video controls src=\"https:\/\/estudiocoaching.com.ar\/wp-content\/uploads\/2023\/12\/20231018_190532.mp4\"><\/video><\/figure>\n\n\n\n<figure class=\"wp-block-video\"><video controls src=\"https:\/\/estudiocoaching.com.ar\/wp-content\/uploads\/2023\/12\/2.mp4\"><\/video><\/figure>\n\n\n\n<figure class=\"wp-block-video\"><video controls src=\"https:\/\/estudiocoaching.com.ar\/wp-content\/uploads\/2023\/12\/3-1.mp4\"><\/video><\/figure>\n","protected":false},"excerpt":{"rendered":"<p>En el marco del Coaching Deportivo llevado a cabo en el Club Juventud de Pergamino, se implement\u00f3 un enfoque integral que abarc\u00f3 distintas dimensiones del rendimiento deportivo. Se dise\u00f1aron y ejecutaron rigurosos programas de entrenamiento f\u00edsico-cognitivo, destacando la importancia de la conexi\u00f3n entre mente y cuerpo para potenciar el desempe\u00f1o atl\u00e9tico. Adem\u00e1s, se implementaron sesiones&hellip; <br \/> <a class=\"read-more\" href=\"https:\/\/estudiocoaching.com.ar\/index.php\/juventud-de-pergamino\/\">Leer m\u00e1s<\/a><\/p>\n","protected":false},"author":1,"featured_media":0,"parent":0,"menu_order":0,"comment_status":"closed","ping_status":"closed","template":"","meta":{"footnotes":""},"_links":{"self":[{"href":"https:\/\/estudiocoaching.com.ar\/index.php\/wp-json\/wp\/v2\/pages\/219"}],"collection":[{"href":"https:\/\/estudiocoaching.com.ar\/index.php\/wp-json\/wp\/v2\/pages"}],"about":[{"href":"https:\/\/estudiocoaching.com.ar\/index.php\/wp-json\/wp\/v2\/types\/page"}],"author":[{"embeddable":true,"href":"https:\/\/estudiocoaching.com.ar\/index.php\/wp-json\/wp\/v2\/users\/1"}],"replies":[{"embeddable":true,"href":"https:\/\/estudiocoaching.com.ar\/index.php\/wp-json\/wp\/v2\/comments?post=219"}],"version-history":[{"count":8,"href":"https:\/\/estudiocoaching.com.ar\/index.php\/wp-json\/wp\/v2\/pages\/219\/revisions"}],"predecessor-version":[{"id":251,"href":"https:\/\/estudiocoaching.com.ar\/index.php\/wp-json\/wp\/v2\/pages\/219\/revisions\/251"}],"wp:attachment":[{"href":"https:\/\/estudiocoaching.com.ar\/index.php\/wp-json\/wp\/v2\/media?parent=219"}],"curies":[{"name":"wp","href":"https:\/\/api.w.org\/{rel}","templated":true}]}}