{"id":257,"date":"2023-12-28T19:53:20","date_gmt":"2023-12-28T18:53:20","guid":{"rendered":"https:\/\/estudiocoaching.com.ar\/?page_id=257"},"modified":"2023-12-29T13:14:00","modified_gmt":"2023-12-29T12:14:00","slug":"testimonio1","status":"publish","type":"page","link":"https:\/\/estudiocoaching.com.ar\/index.php\/testimonio1\/","title":{"rendered":"Juan Diego Noguera"},"content":{"rendered":"\n<p>Tanto como persona y tambi\u00e9n futbolista, es la primera vez que tengo experiencia con un trabajo de coaching. Sab\u00eda que era algo que se estaba implementando mucho, tanto en la vida personal como en los trabajos y actividades de las personas pero no hab\u00eda tenido una experiencia con el mismo, por lo tanto no sab\u00eda bien en que consist\u00eda el trabajo del coach. <\/p>\n\n\n\n<p>En un principio las actividades fueron mas que nada l\u00fadicas y recreativas pero mas que nada supongo que lo que se buscaba era motivaci\u00f3n grupal y la activaci\u00f3n mental de cada uno, m\u00e1s all\u00e1 de la recreaci\u00f3n. <\/p>\n\n\n<div class=\"wp-block-image\">\n<figure class=\"aligncenter size-full\"><img decoding=\"async\" loading=\"lazy\" width=\"379\" height=\"519\" src=\"https:\/\/estudiocoaching.com.ar\/wp-content\/uploads\/2023\/12\/1-1.jpg\" alt=\"\" class=\"wp-image-271\" srcset=\"https:\/\/estudiocoaching.com.ar\/wp-content\/uploads\/2023\/12\/1-1.jpg 379w, https:\/\/estudiocoaching.com.ar\/wp-content\/uploads\/2023\/12\/1-1-219x300.jpg 219w\" sizes=\"(max-width: 379px) 100vw, 379px\" \/><\/figure><\/div>\n\n\n<p>Con el correr de las sesiones, se ve\u00eda una din\u00e1mica distinta en el grupo. Muchas veces luego de la competencia, hac\u00edamos devoluciones individuales al grupo de como vimos al plantel y las sensaciones dentro del campo de juego. Se permite que cada uno sea libre de decir y opinar lo que piensa. En un principio los que m\u00e1s hablaban era los jugadores m\u00e1s grandes, o de m\u00e1s experiencia, pero a medida que las charlas avanzaban, cada vez m\u00e1s jugadores se abr\u00edan a dar sus opiniones.<\/p>\n\n\n\n<p>Ya con un tiempo mas consolidado de trabajo, se empez\u00f3 a trabajar en grupos mas reducidos, donde nosotros los jugadores tenemos un trato m\u00e1s directo con el coach y trabajar situaciones mas especificas de la funci\u00f3n de cada uno en el terreno de juego. <\/p>\n\n\n\n<p>En resumen, desde la experiencia que adquir\u00ed desde que empezamos a trabajar, pienso que si un club o instituci\u00f3n tiene la posibilidad de brindar esta herramienta a un plantel, es algo que puedo incrementar en un 100% el potencial de un grupo de trabajo.<\/p>\n\n\n<div class=\"wp-block-image\">\n<figure class=\"aligncenter size-full\"><img decoding=\"async\" loading=\"lazy\" width=\"508\" height=\"339\" src=\"https:\/\/estudiocoaching.com.ar\/wp-content\/uploads\/2023\/12\/2-1.jpg\" alt=\"\" class=\"wp-image-272\" srcset=\"https:\/\/estudiocoaching.com.ar\/wp-content\/uploads\/2023\/12\/2-1.jpg 508w, https:\/\/estudiocoaching.com.ar\/wp-content\/uploads\/2023\/12\/2-1-300x200.jpg 300w\" sizes=\"(max-width: 508px) 100vw, 508px\" \/><\/figure><\/div>","protected":false},"excerpt":{"rendered":"<p>Tanto como persona y tambi\u00e9n futbolista, es la primera vez que tengo experiencia con un trabajo de coaching. Sab\u00eda que era algo que se estaba implementando mucho, tanto en la vida personal como en los trabajos y actividades de las personas pero no hab\u00eda tenido una experiencia con el mismo, por lo tanto no sab\u00eda&hellip; <br \/> <a class=\"read-more\" href=\"https:\/\/estudiocoaching.com.ar\/index.php\/testimonio1\/\">Leer m\u00e1s<\/a><\/p>\n","protected":false},"author":1,"featured_media":0,"parent":0,"menu_order":0,"comment_status":"closed","ping_status":"closed","template":"","meta":{"footnotes":""},"_links":{"self":[{"href":"https:\/\/estudiocoaching.com.ar\/index.php\/wp-json\/wp\/v2\/pages\/257"}],"collection":[{"href":"https:\/\/estudiocoaching.com.ar\/index.php\/wp-json\/wp\/v2\/pages"}],"about":[{"href":"https:\/\/estudiocoaching.com.ar\/index.php\/wp-json\/wp\/v2\/types\/page"}],"author":[{"embeddable":true,"href":"https:\/\/estudiocoaching.com.ar\/index.php\/wp-json\/wp\/v2\/users\/1"}],"replies":[{"embeddable":true,"href":"https:\/\/estudiocoaching.com.ar\/index.php\/wp-json\/wp\/v2\/comments?post=257"}],"version-history":[{"count":8,"href":"https:\/\/estudiocoaching.com.ar\/index.php\/wp-json\/wp\/v2\/pages\/257\/revisions"}],"predecessor-version":[{"id":275,"href":"https:\/\/estudiocoaching.com.ar\/index.php\/wp-json\/wp\/v2\/pages\/257\/revisions\/275"}],"wp:attachment":[{"href":"https:\/\/estudiocoaching.com.ar\/index.php\/wp-json\/wp\/v2\/media?parent=257"}],"curies":[{"name":"wp","href":"https:\/\/api.w.org\/{rel}","templated":true}]}}