{"id":276,"date":"2023-12-30T16:03:56","date_gmt":"2023-12-30T15:03:56","guid":{"rendered":"https:\/\/estudiocoaching.com.ar\/?page_id=276"},"modified":"2023-12-30T16:03:57","modified_gmt":"2023-12-30T15:03:57","slug":"damian-bastianini","status":"publish","type":"page","link":"https:\/\/estudiocoaching.com.ar\/index.php\/damian-bastianini\/","title":{"rendered":"Damian Bastianini"},"content":{"rendered":"\n<p>Lo que buscamos en el club( Juventud) a trav\u00e9s del trabajo del coaching (Yoni Benitez), es entre otros aspectos mantener al deportista motivado, que mejore la cohesi\u00f3n grupal, la comunicaci\u00f3n entre los mismos, as\u00ed como tambi\u00e9n del cuerpo t\u00e9cnico y dirigencial, superar los obst\u00e1culos que se vayan sucediendo y romper las barreras limitantes que nos puedan impedir continuar por el camino del aprendizaje, la mejora y el desaf\u00edo permanente.<\/p>\n\n\n<div class=\"wp-block-image\">\n<figure class=\"aligncenter size-full\"><img decoding=\"async\" loading=\"lazy\" width=\"441\" height=\"553\" src=\"https:\/\/estudiocoaching.com.ar\/wp-content\/uploads\/2023\/12\/DT.jpg\" alt=\"\" class=\"wp-image-277\" srcset=\"https:\/\/estudiocoaching.com.ar\/wp-content\/uploads\/2023\/12\/DT.jpg 441w, https:\/\/estudiocoaching.com.ar\/wp-content\/uploads\/2023\/12\/DT-239x300.jpg 239w\" sizes=\"(max-width: 441px) 100vw, 441px\" \/><\/figure><\/div>","protected":false},"excerpt":{"rendered":"<p>Lo que buscamos en el club( Juventud) a trav\u00e9s del trabajo del coaching (Yoni Benitez), es entre otros aspectos mantener al deportista motivado, que mejore la cohesi\u00f3n grupal, la comunicaci\u00f3n entre los mismos, as\u00ed como tambi\u00e9n del cuerpo t\u00e9cnico y dirigencial, superar los obst\u00e1culos que se vayan sucediendo y romper las barreras limitantes que nos&hellip; <br \/> <a class=\"read-more\" href=\"https:\/\/estudiocoaching.com.ar\/index.php\/damian-bastianini\/\">Leer m\u00e1s<\/a><\/p>\n","protected":false},"author":1,"featured_media":0,"parent":0,"menu_order":0,"comment_status":"closed","ping_status":"closed","template":"","meta":{"footnotes":""},"_links":{"self":[{"href":"https:\/\/estudiocoaching.com.ar\/index.php\/wp-json\/wp\/v2\/pages\/276"}],"collection":[{"href":"https:\/\/estudiocoaching.com.ar\/index.php\/wp-json\/wp\/v2\/pages"}],"about":[{"href":"https:\/\/estudiocoaching.com.ar\/index.php\/wp-json\/wp\/v2\/types\/page"}],"author":[{"embeddable":true,"href":"https:\/\/estudiocoaching.com.ar\/index.php\/wp-json\/wp\/v2\/users\/1"}],"replies":[{"embeddable":true,"href":"https:\/\/estudiocoaching.com.ar\/index.php\/wp-json\/wp\/v2\/comments?post=276"}],"version-history":[{"count":1,"href":"https:\/\/estudiocoaching.com.ar\/index.php\/wp-json\/wp\/v2\/pages\/276\/revisions"}],"predecessor-version":[{"id":278,"href":"https:\/\/estudiocoaching.com.ar\/index.php\/wp-json\/wp\/v2\/pages\/276\/revisions\/278"}],"wp:attachment":[{"href":"https:\/\/estudiocoaching.com.ar\/index.php\/wp-json\/wp\/v2\/media?parent=276"}],"curies":[{"name":"wp","href":"https:\/\/api.w.org\/{rel}","templated":true}]}}