{"id":304,"date":"2024-01-24T21:12:35","date_gmt":"2024-01-24T20:12:35","guid":{"rendered":"https:\/\/estudiocoaching.com.ar\/?page_id=304"},"modified":"2024-01-24T21:22:03","modified_gmt":"2024-01-24T20:22:03","slug":"curso","status":"publish","type":"page","link":"https:\/\/estudiocoaching.com.ar\/index.php\/curso\/","title":{"rendered":"Curso"},"content":{"rendered":"\n<p class=\"has-text-align-center\">\u00a1Bienvenidos al Curso Inicial de Coaching Deportivo!<\/p>\n\n\n\n<p class=\"has-text-align-center\">Soy Yonatan Benitez, coach ontol\u00f3gico y deportivo profesional, as\u00ed como director deportivo. Estoy emocionado de acompa\u00f1arlos en este viaje de descubrimiento y crecimiento en el fascinante mundo del coaching deportivo.<\/p>\n\n\n\n<p class=\"has-text-align-center\">El coaching deportivo no solo se trata de mejorar el rendimiento f\u00edsico, sino tambi\u00e9n de potenciar el desarrollo personal y profesional de los deportistas. A trav\u00e9s de t\u00e9cnicas y herramientas espec\u00edficas, exploraremos c\u00f3mo maximizar el rendimiento, establecer metas claras y superar obst\u00e1culos para alcanzar el \u00e9xito tanto en el \u00e1mbito deportivo como en la vida.<\/p>\n\n\n\n<p class=\"has-text-align-center\">Los invito a sumergirse en este enriquecedor proceso de aprendizaje. Para acceder al curso y comenzar esta emocionante traves\u00eda, hagan clic en el siguiente enlace: <a href=\"https:\/\/go.hotmart.com\/T90263980U\">https:\/\/go.hotmart.com\/T90263980U<\/a><\/p>\n\n\n\n<p class=\"has-text-align-center\">Estoy ansioso por compartir conocimientos, experiencias y lograr juntos nuevos hitos en sus carreras deportivas. \u00a1Adelante, comencemos este emocionante viaje juntos!<\/p>\n\n\n<div class=\"wp-block-image\">\n<figure class=\"aligncenter size-large\"><img decoding=\"async\" loading=\"lazy\" width=\"1024\" height=\"1024\" src=\"https:\/\/estudiocoaching.com.ar\/wp-content\/uploads\/2024\/01\/WhatsApp-Image-2024-01-24-at-15.11.40-1024x1024.jpeg\" alt=\"\" class=\"wp-image-301\" srcset=\"https:\/\/estudiocoaching.com.ar\/wp-content\/uploads\/2024\/01\/WhatsApp-Image-2024-01-24-at-15.11.40-1024x1024.jpeg 1024w, https:\/\/estudiocoaching.com.ar\/wp-content\/uploads\/2024\/01\/WhatsApp-Image-2024-01-24-at-15.11.40-300x300.jpeg 300w, https:\/\/estudiocoaching.com.ar\/wp-content\/uploads\/2024\/01\/WhatsApp-Image-2024-01-24-at-15.11.40-150x150.jpeg 150w, https:\/\/estudiocoaching.com.ar\/wp-content\/uploads\/2024\/01\/WhatsApp-Image-2024-01-24-at-15.11.40-768x768.jpeg 768w, https:\/\/estudiocoaching.com.ar\/wp-content\/uploads\/2024\/01\/WhatsApp-Image-2024-01-24-at-15.11.40.jpeg 1080w\" sizes=\"(max-width: 1024px) 100vw, 1024px\" \/><\/figure><\/div>","protected":false},"excerpt":{"rendered":"<p>\u00a1Bienvenidos al Curso Inicial de Coaching Deportivo! Soy Yonatan Benitez, coach ontol\u00f3gico y deportivo profesional, as\u00ed como director deportivo. Estoy emocionado de acompa\u00f1arlos en este viaje de descubrimiento y crecimiento en el fascinante mundo del coaching deportivo. El coaching deportivo no solo se trata de mejorar el rendimiento f\u00edsico, sino tambi\u00e9n de potenciar el desarrollo&hellip; <br \/> <a class=\"read-more\" href=\"https:\/\/estudiocoaching.com.ar\/index.php\/curso\/\">Leer m\u00e1s<\/a><\/p>\n","protected":false},"author":1,"featured_media":0,"parent":0,"menu_order":0,"comment_status":"closed","ping_status":"closed","template":"","meta":{"footnotes":""},"_links":{"self":[{"href":"https:\/\/estudiocoaching.com.ar\/index.php\/wp-json\/wp\/v2\/pages\/304"}],"collection":[{"href":"https:\/\/estudiocoaching.com.ar\/index.php\/wp-json\/wp\/v2\/pages"}],"about":[{"href":"https:\/\/estudiocoaching.com.ar\/index.php\/wp-json\/wp\/v2\/types\/page"}],"author":[{"embeddable":true,"href":"https:\/\/estudiocoaching.com.ar\/index.php\/wp-json\/wp\/v2\/users\/1"}],"replies":[{"embeddable":true,"href":"https:\/\/estudiocoaching.com.ar\/index.php\/wp-json\/wp\/v2\/comments?post=304"}],"version-history":[{"count":4,"href":"https:\/\/estudiocoaching.com.ar\/index.php\/wp-json\/wp\/v2\/pages\/304\/revisions"}],"predecessor-version":[{"id":309,"href":"https:\/\/estudiocoaching.com.ar\/index.php\/wp-json\/wp\/v2\/pages\/304\/revisions\/309"}],"wp:attachment":[{"href":"https:\/\/estudiocoaching.com.ar\/index.php\/wp-json\/wp\/v2\/media?parent=304"}],"curies":[{"name":"wp","href":"https:\/\/api.w.org\/{rel}","templated":true}]}}