{"id":323,"date":"2024-04-15T10:53:13","date_gmt":"2024-04-15T08:53:13","guid":{"rendered":"https:\/\/estudiocoaching.com.ar\/?page_id=323"},"modified":"2024-04-15T10:53:13","modified_gmt":"2024-04-15T08:53:13","slug":"el-camino","status":"publish","type":"page","link":"https:\/\/estudiocoaching.com.ar\/index.php\/el-camino\/","title":{"rendered":"El Camino"},"content":{"rendered":"\n<p class=\"has-text-align-center\">Yonatan Ben\u00edtez, un apasionado del f\u00fatbol desde temprana edad, ha decidido embarcarse en el emocionante viaje hacia la carrera de Director T\u00e9cnico de f\u00fatbol 11. Actualmente, se encuentra cursando el primer a\u00f1o para obtener las licencias C y D en la prestigiosa Escuela de T\u00e9cnicos del Club Alvear, avalada por A.T.F.A y Conmebol.<\/p>\n\n\n\n<p class=\"has-text-align-center\">Este camino hacia la excelencia t\u00e9cnica y t\u00e1ctica en el deporte rey no solo representa un desaf\u00edo personal para Yonatan, sino tambi\u00e9n una oportunidad para profundizar su comprensi\u00f3n del juego y su capacidad para liderar y motivar a un equipo.<\/p>\n\n\n\n<p class=\"has-text-align-center\">M\u00e1s all\u00e1 de la destreza en el terreno de juego, Yonatan reflexiona sobre la trascendencia social y deportiva de las instituciones deportivas. Reconoce que son lugares donde se forjan no solo habilidades f\u00edsicas, sino tambi\u00e9n valores como el trabajo en equipo, la disciplina y el respeto mutuo.<\/p>\n\n\n\n<p class=\"has-text-align-center\">Las instituciones deportivas no solo son espacios de competencia, sino tambi\u00e9n de integraci\u00f3n social. Son lugares donde se fomenta la inclusi\u00f3n y se brindan oportunidades a personas de todas las edades y estratos sociales para participar y disfrutar del deporte.<\/p>\n\n\n\n<p class=\"has-text-align-center\">En un mundo cada vez m\u00e1s fragmentado, el deporte sigue siendo un poderoso aglutinante social, capaz de unir a comunidades y promover la cooperaci\u00f3n y el entendimiento mutuo. Yonatan comprende la importancia de su rol como futuro Director T\u00e9cnico en este contexto, no solo como un entrenador de habilidades futbol\u00edsticas, sino como un gu\u00eda y ejemplo de los valores que el deporte promueve en la sociedad.<\/p>\n\n\n\n<p class=\"has-text-align-center\">Su dedicaci\u00f3n a perfeccionar su arte no solo radica en su pasi\u00f3n por el f\u00fatbol, sino tambi\u00e9n en su convicci\u00f3n de que el deporte puede ser una fuerza transformadora en la vida de las personas y en la sociedad en su conjunto. Con cada paso en su camino hacia la excelencia, Yonatan Ben\u00edtez se prepara para dejar una huella positiva tanto en el campo de juego como fuera de \u00e9l.<\/p>\n\n\n<div class=\"wp-block-image\">\n<figure class=\"aligncenter size-large\"><img decoding=\"async\" loading=\"lazy\" width=\"614\" height=\"1024\" src=\"https:\/\/estudiocoaching.com.ar\/wp-content\/uploads\/2024\/04\/WhatsApp-Image-2024-04-14-at-01.15.06-614x1024.jpeg\" alt=\"\" class=\"wp-image-324\" srcset=\"https:\/\/estudiocoaching.com.ar\/wp-content\/uploads\/2024\/04\/WhatsApp-Image-2024-04-14-at-01.15.06-614x1024.jpeg 614w, https:\/\/estudiocoaching.com.ar\/wp-content\/uploads\/2024\/04\/WhatsApp-Image-2024-04-14-at-01.15.06-180x300.jpeg 180w, https:\/\/estudiocoaching.com.ar\/wp-content\/uploads\/2024\/04\/WhatsApp-Image-2024-04-14-at-01.15.06-648x1080.jpeg 648w, https:\/\/estudiocoaching.com.ar\/wp-content\/uploads\/2024\/04\/WhatsApp-Image-2024-04-14-at-01.15.06.jpeg 768w\" sizes=\"(max-width: 614px) 100vw, 614px\" \/><figcaption class=\"wp-element-caption\">\u201c<em>El talento depende de la inspiraci\u00f3n, pero el esfuerzo depende de cada uno<\/em>.\u201d Pep Guardiola.<\/figcaption><\/figure><\/div>","protected":false},"excerpt":{"rendered":"<p>Yonatan Ben\u00edtez, un apasionado del f\u00fatbol desde temprana edad, ha decidido embarcarse en el emocionante viaje hacia la carrera de Director T\u00e9cnico de f\u00fatbol 11. Actualmente, se encuentra cursando el primer a\u00f1o para obtener las licencias C y D en la prestigiosa Escuela de T\u00e9cnicos del Club Alvear, avalada por A.T.F.A y Conmebol. Este camino&hellip; <br \/> <a class=\"read-more\" href=\"https:\/\/estudiocoaching.com.ar\/index.php\/el-camino\/\">Leer m\u00e1s<\/a><\/p>\n","protected":false},"author":1,"featured_media":0,"parent":0,"menu_order":0,"comment_status":"closed","ping_status":"closed","template":"","meta":{"footnotes":""},"_links":{"self":[{"href":"https:\/\/estudiocoaching.com.ar\/index.php\/wp-json\/wp\/v2\/pages\/323"}],"collection":[{"href":"https:\/\/estudiocoaching.com.ar\/index.php\/wp-json\/wp\/v2\/pages"}],"about":[{"href":"https:\/\/estudiocoaching.com.ar\/index.php\/wp-json\/wp\/v2\/types\/page"}],"author":[{"embeddable":true,"href":"https:\/\/estudiocoaching.com.ar\/index.php\/wp-json\/wp\/v2\/users\/1"}],"replies":[{"embeddable":true,"href":"https:\/\/estudiocoaching.com.ar\/index.php\/wp-json\/wp\/v2\/comments?post=323"}],"version-history":[{"count":1,"href":"https:\/\/estudiocoaching.com.ar\/index.php\/wp-json\/wp\/v2\/pages\/323\/revisions"}],"predecessor-version":[{"id":325,"href":"https:\/\/estudiocoaching.com.ar\/index.php\/wp-json\/wp\/v2\/pages\/323\/revisions\/325"}],"wp:attachment":[{"href":"https:\/\/estudiocoaching.com.ar\/index.php\/wp-json\/wp\/v2\/media?parent=323"}],"curies":[{"name":"wp","href":"https:\/\/api.w.org\/{rel}","templated":true}]}}