{"id":369,"date":"2024-11-20T22:38:18","date_gmt":"2024-11-20T21:38:18","guid":{"rendered":"https:\/\/estudiocoaching.com.ar\/?page_id=369"},"modified":"2024-11-22T12:26:05","modified_gmt":"2024-11-22T11:26:05","slug":"congreso-de-futbol","status":"publish","type":"page","link":"https:\/\/estudiocoaching.com.ar\/index.php\/congreso-de-futbol\/","title":{"rendered":"Congreso de F\u00fatbol"},"content":{"rendered":"\n<h4 class=\"wp-block-heading\">Congreso de F\u00fatbol: Capacitaci\u00f3n Profesional de Alto Rendimiento para Directores T\u00e9cnicos<\/h4>\n\n\n\n<p>El congreso de f\u00fatbol organizado por <strong>Librofutbol.com<\/strong> ofreci\u00f3 una oportunidad \u00fanica de formaci\u00f3n para directores t\u00e9cnicos. Durante el evento, reconocidos entrenadores profesionales compartieron sus metodolog\u00edas y enfoques sobre los nuevos desaf\u00edos que enfrenta el f\u00fatbol moderno. La capacitaci\u00f3n abarc\u00f3 temas clave sobre el alto rendimiento, el desarrollo de equipos y las tendencias actuales en el deporte.<\/p>\n\n\n\n<p>Uno de los momentos destacados fue la presentaci\u00f3n del estilo de juego de <strong>Argentinos Juniors<\/strong>, que proporcion\u00f3 valiosas lecciones sobre t\u00e1cticas, trabajo en equipo y formaci\u00f3n de jugadores.<\/p>\n\n\n\n<p>Este curso de capacitaci\u00f3n, dirigido a directores t\u00e9cnicos, no solo fue una excelente instancia de aprendizaje, sino tambi\u00e9n una oportunidad para intercambiar experiencias y conocimientos con profesionales del f\u00fatbol.<\/p>\n\n\n\n<p>Agradecemos profundamente a <strong>Librofutbol.com<\/strong> por la organizaci\u00f3n de este evento tan enriquecedor, y a la <strong>Escuela 229 Alvear ATFA<\/strong>, instituci\u00f3n a la que asisto, por su constante apoyo en la formaci\u00f3n de los futuros l\u00edderes del f\u00fatbol.<\/p>\n\n\n\n<div class=\"wp-block-group is-layout-constrained wp-block-group-is-layout-constrained\"><div class=\"wp-block-group__inner-container\">\n<div class=\"wp-block-columns is-layout-flex wp-container-4 wp-block-columns-is-layout-flex\">\n<div class=\"wp-block-column is-layout-flow wp-block-column-is-layout-flow\" style=\"flex-basis:100%\">\n<div class=\"wp-block-columns is-layout-flex wp-container-2 wp-block-columns-is-layout-flex\">\n<div class=\"wp-block-column is-vertically-aligned-top is-layout-flow wp-block-column-is-layout-flow\" style=\"flex-basis:100%\"><div id=\"metaslider-id-399\" style=\"max-width: 500px; margin: 0 auto;\" class=\"ml-slider-3-37-0 metaslider metaslider-flex metaslider-399 ml-slider ms-theme-default\" role=\"region\" aria-roledescription=\"Slideshow\" aria-label=\"Nueva presentaci\u00f3n de diapositivas\">\n    <div id=\"metaslider_container_399\">\n        <div id=\"metaslider_399\">\n            <ul aria-live=\"polite\" class=\"slides\">\n                <li style=\"display: block; width: 100%;\" class=\"slide-433 ms-image\" aria-roledescription=\"slide\" aria-label=\"slide-433\"><img width=\"466\" height=\"700\" src=\"https:\/\/estudiocoaching.com.ar\/wp-content\/uploads\/2024\/11\/WhatsApp-Image-2024-11-20-at-11.33.21.jpg\" class=\"slider-399 slide-433\" alt=\"\" decoding=\"async\" rel=\"\" title=\"WhatsApp-Image-2024-11-20-at-11.33.21\" style=\"margin: 0 auto; width: 66.571428571429%\" loading=\"lazy\" srcset=\"https:\/\/estudiocoaching.com.ar\/wp-content\/uploads\/2024\/11\/WhatsApp-Image-2024-11-20-at-11.33.21.jpg 466w, https:\/\/estudiocoaching.com.ar\/wp-content\/uploads\/2024\/11\/WhatsApp-Image-2024-11-20-at-11.33.21-200x300.jpg 200w\" sizes=\"(max-width: 466px) 100vw, 466px\" \/><div class=\"caption-wrap\"><div class=\"caption\">Nicolas Larcamon<\/div><\/div><\/li>\n                <li style=\"display: none; width: 100%;\" class=\"slide-434 ms-image\" aria-roledescription=\"slide\" aria-label=\"slide-434\"><img width=\"384\" height=\"700\" src=\"https:\/\/estudiocoaching.com.ar\/wp-content\/uploads\/2024\/11\/WhatsApp-Image-2024-11-20-at-11.33.20.jpg\" class=\"slider-399 slide-434\" alt=\"\" decoding=\"async\" rel=\"\" title=\"WhatsApp-Image-2024-11-20-at-11.33.20\" style=\"margin: 0 auto; width: 54.857142857143%\" loading=\"lazy\" srcset=\"https:\/\/estudiocoaching.com.ar\/wp-content\/uploads\/2024\/11\/WhatsApp-Image-2024-11-20-at-11.33.20.jpg 384w, https:\/\/estudiocoaching.com.ar\/wp-content\/uploads\/2024\/11\/WhatsApp-Image-2024-11-20-at-11.33.20-165x300.jpg 165w\" sizes=\"(max-width: 384px) 100vw, 384px\" \/><div class=\"caption-wrap\"><div class=\"caption\">Lucas Rivas<\/div><\/div><\/li>\n                <li style=\"display: none; width: 100%;\" class=\"slide-435 ms-image\" aria-roledescription=\"slide\" aria-label=\"slide-435\"><img width=\"421\" height=\"700\" src=\"https:\/\/estudiocoaching.com.ar\/wp-content\/uploads\/2024\/11\/WhatsApp-Image-2024-11-20-at-11.33.23.jpg\" class=\"slider-399 slide-435\" alt=\"\" decoding=\"async\" rel=\"\" title=\"WhatsApp-Image-2024-11-20-at-11.33.23\" style=\"margin: 0 auto; width: 60.142857142857%\" loading=\"lazy\" srcset=\"https:\/\/estudiocoaching.com.ar\/wp-content\/uploads\/2024\/11\/WhatsApp-Image-2024-11-20-at-11.33.23.jpg 421w, https:\/\/estudiocoaching.com.ar\/wp-content\/uploads\/2024\/11\/WhatsApp-Image-2024-11-20-at-11.33.23-180x300.jpg 180w\" sizes=\"(max-width: 421px) 100vw, 421px\" \/><div class=\"caption-wrap\"><div class=\"caption\">Leandro Romagnoli<\/div><\/div><\/li>\n                <li style=\"display: none; width: 100%;\" class=\"slide-440 ms-image\" aria-roledescription=\"slide\" aria-label=\"slide-440\"><img width=\"500\" height=\"362\" src=\"https:\/\/estudiocoaching.com.ar\/wp-content\/uploads\/2024\/11\/WhatsApp-Image-2024-11-20-at-11.33.22.jpeg\" class=\"slider-399 slide-440\" alt=\"\" decoding=\"async\" rel=\"\" title=\"WhatsApp Image 2024-11-20 at 11.33.22\" style=\"margin-top: 13.8%\" loading=\"lazy\" srcset=\"https:\/\/estudiocoaching.com.ar\/wp-content\/uploads\/2024\/11\/WhatsApp-Image-2024-11-20-at-11.33.22.jpeg 500w, https:\/\/estudiocoaching.com.ar\/wp-content\/uploads\/2024\/11\/WhatsApp-Image-2024-11-20-at-11.33.22-300x217.jpeg 300w\" sizes=\"(max-width: 500px) 100vw, 500px\" \/><div class=\"caption-wrap\"><div class=\"caption\">Leonardo Madelon<\/div><\/div><\/li>\n                <li style=\"display: none; width: 100%;\" class=\"slide-441 ms-image\" aria-roledescription=\"slide\" aria-label=\"slide-441\"><img width=\"500\" height=\"418\" src=\"https:\/\/estudiocoaching.com.ar\/wp-content\/uploads\/2024\/11\/WhatsApp-Image-2024-11-20-at-11.33.23.jpeg\" class=\"slider-399 slide-441\" alt=\"\" decoding=\"async\" rel=\"\" title=\"WhatsApp Image 2024-11-20 at 11.33.23\" style=\"margin-top: 8.2%\" loading=\"lazy\" srcset=\"https:\/\/estudiocoaching.com.ar\/wp-content\/uploads\/2024\/11\/WhatsApp-Image-2024-11-20-at-11.33.23.jpeg 500w, https:\/\/estudiocoaching.com.ar\/wp-content\/uploads\/2024\/11\/WhatsApp-Image-2024-11-20-at-11.33.23-300x251.jpeg 300w\" sizes=\"(max-width: 500px) 100vw, 500px\" \/><div class=\"caption-wrap\"><div class=\"caption\">Juan Cruz Anselmi<\/div><\/div><\/li>\n            <\/ul>\n        <\/div>\n        \n    <\/div>\n<\/div>\n<\/div>\n<\/div>\n<\/div>\n<\/div>\n<\/div><\/div>\n\n\n\n<p>Como cierre destacado, se present\u00f3 el estilo de juego de la 6ta de Argentinos Juniors, proporcionando valiosas lecciones sobre t\u00e1cticas, trabajo en equipo y la formaci\u00f3n de jugadores, reforzando los conceptos aprendidos a lo largo de la jornada.<\/p>\n\n\n<div class=\"wp-block-image\">\n<figure class=\"aligncenter size-full is-resized\"><img decoding=\"async\" loading=\"lazy\" src=\"https:\/\/estudiocoaching.com.ar\/wp-content\/uploads\/2024\/11\/WhatsApp-Image-2024-11-20-at-11.34.08.jpeg\" alt=\"\" class=\"wp-image-443\" style=\"width:433px;height:525px\" width=\"433\" height=\"525\" srcset=\"https:\/\/estudiocoaching.com.ar\/wp-content\/uploads\/2024\/11\/WhatsApp-Image-2024-11-20-at-11.34.08.jpeg 721w, https:\/\/estudiocoaching.com.ar\/wp-content\/uploads\/2024\/11\/WhatsApp-Image-2024-11-20-at-11.34.08-247x300.jpeg 247w\" sizes=\"(max-width: 433px) 100vw, 433px\" \/><figcaption class=\"wp-element-caption\">Calentamiento de la 6ta<\/figcaption><\/figure><\/div>\n\n\n<figure class=\"wp-block-video\"><video controls src=\"https:\/\/estudiocoaching.com.ar\/wp-content\/uploads\/2024\/11\/WhatsApp-Video-2024-11-20-at-11.34.02.mp4\"><\/video><figcaption class=\"wp-element-caption\">Ejercicio Espec\u00edfico 1. <\/figcaption><\/figure>\n\n\n\n<figure class=\"wp-block-video\"><video controls src=\"https:\/\/estudiocoaching.com.ar\/wp-content\/uploads\/2024\/11\/WhatsApp-Video-2024-11-20-at-11.34.21.mp4\"><\/video><figcaption class=\"wp-element-caption\">Ejercicio Espec\u00edfico 2. <\/figcaption><\/figure>\n\n\n\n<figure class=\"wp-block-video\"><video controls src=\"https:\/\/estudiocoaching.com.ar\/wp-content\/uploads\/2024\/11\/WhatsApp-Video-2024-11-20-at-11.34.35.mp4\"><\/video><figcaption class=\"wp-element-caption\">Ejercicio Espec\u00edfico 3. <\/figcaption><\/figure>\n","protected":false},"excerpt":{"rendered":"<p>Congreso de F\u00fatbol: Capacitaci\u00f3n Profesional de Alto Rendimiento para Directores T\u00e9cnicos El congreso de f\u00fatbol organizado por Librofutbol.com ofreci\u00f3 una oportunidad \u00fanica de formaci\u00f3n para directores t\u00e9cnicos. Durante el evento, reconocidos entrenadores profesionales compartieron sus metodolog\u00edas y enfoques sobre los nuevos desaf\u00edos que enfrenta el f\u00fatbol moderno. La capacitaci\u00f3n abarc\u00f3 temas clave sobre el alto&hellip; <br \/> <a class=\"read-more\" href=\"https:\/\/estudiocoaching.com.ar\/index.php\/congreso-de-futbol\/\">Leer m\u00e1s<\/a><\/p>\n","protected":false},"author":1,"featured_media":0,"parent":0,"menu_order":0,"comment_status":"closed","ping_status":"closed","template":"","meta":{"footnotes":""},"_links":{"self":[{"href":"https:\/\/estudiocoaching.com.ar\/index.php\/wp-json\/wp\/v2\/pages\/369"}],"collection":[{"href":"https:\/\/estudiocoaching.com.ar\/index.php\/wp-json\/wp\/v2\/pages"}],"about":[{"href":"https:\/\/estudiocoaching.com.ar\/index.php\/wp-json\/wp\/v2\/types\/page"}],"author":[{"embeddable":true,"href":"https:\/\/estudiocoaching.com.ar\/index.php\/wp-json\/wp\/v2\/users\/1"}],"replies":[{"embeddable":true,"href":"https:\/\/estudiocoaching.com.ar\/index.php\/wp-json\/wp\/v2\/comments?post=369"}],"version-history":[{"count":14,"href":"https:\/\/estudiocoaching.com.ar\/index.php\/wp-json\/wp\/v2\/pages\/369\/revisions"}],"predecessor-version":[{"id":447,"href":"https:\/\/estudiocoaching.com.ar\/index.php\/wp-json\/wp\/v2\/pages\/369\/revisions\/447"}],"wp:attachment":[{"href":"https:\/\/estudiocoaching.com.ar\/index.php\/wp-json\/wp\/v2\/media?parent=369"}],"curies":[{"name":"wp","href":"https:\/\/api.w.org\/{rel}","templated":true}]}}