{"id":459,"date":"2025-10-29T13:03:20","date_gmt":"2025-10-29T12:03:20","guid":{"rendered":"https:\/\/estudiocoaching.com.ar\/?page_id=459"},"modified":"2025-10-30T11:52:58","modified_gmt":"2025-10-30T10:52:58","slug":"semana-librofutbol","status":"publish","type":"page","link":"https:\/\/estudiocoaching.com.ar\/index.php\/semana-librofutbol\/","title":{"rendered":"Semana LIBROFUTBOL"},"content":{"rendered":"\n<p>Tuve la oportunidad de asistir a <strong>La Semana LIBROFUTBOL<\/strong>, una experiencia \u00fanica pensada para entrenadores, formadores y apasionados del f\u00fatbol que buscan seguir aprendiendo y creciendo dentro y fuera de la cancha. \u26bd\ud83d\udcda<\/p>\n\n\n\n<p>Fueron <strong>cuatro d\u00edas intensivos<\/strong> combinando teor\u00eda, pr\u00e1ctica y mentor\u00eda junto a grandes profesionales del f\u00fatbol argentino y latinoamericano.<br>Una propuesta completa que permiti\u00f3 compartir conocimientos, ideas y metodolog\u00edas con un enfoque moderno y aplicado al desarrollo deportivo.<\/p>\n\n\n\n<p>Durante las jornadas, particip\u00e9 del <strong>Congreso LIBROFUTBOL 2025<\/strong>, asist\u00ed a <strong>entrenamientos y charlas en clubes formativos<\/strong>, y compart\u00ed espacios de <strong>mentor\u00eda y an\u00e1lisis t\u00e1ctico<\/strong>, enfocados en la planificaci\u00f3n y la gesti\u00f3n dentro del f\u00fatbol formativo y profesional.<\/p>\n\n\n\n<p>A continuaci\u00f3n, comparto algunos registros de lo que fueron estos d\u00edas de aprendizaje, intercambio y pasi\u00f3n por el juego.<\/p>\n\n\n\n<div class=\"alignnormal\"><div id=\"metaslider-id-481\" style=\"max-width: 500px; margin: 0 auto;\" class=\"ml-slider-3-37-0 metaslider metaslider-flex metaslider-481 ml-slider ms-theme-default\" role=\"region\" aria-roledescription=\"Slideshow\" aria-label=\"Nueva presentaci\u00f3n de diapositivas\">\n    <div id=\"metaslider_container_481\">\n        <div id=\"metaslider_481\">\n            <ul aria-live=\"polite\" class=\"slides\">\n                <li style=\"display: block; width: 100%;\" class=\"slide-482 ms-image\" aria-roledescription=\"slide\" aria-label=\"slide-482\"><img width=\"1200\" height=\"1600\" src=\"https:\/\/estudiocoaching.com.ar\/wp-content\/uploads\/2025\/10\/WhatsApp-Image-2025-10-27-at-5.51.52-PM.jpeg\" class=\"slider-481 slide-482\" alt=\"\" decoding=\"async\" rel=\"\" title=\"WhatsApp-Image-2025-10-27-at-5.51.52-PM\" style=\"margin: 0 auto; width: 75%\" loading=\"lazy\" srcset=\"https:\/\/estudiocoaching.com.ar\/wp-content\/uploads\/2025\/10\/WhatsApp-Image-2025-10-27-at-5.51.52-PM.jpeg 1200w, https:\/\/estudiocoaching.com.ar\/wp-content\/uploads\/2025\/10\/WhatsApp-Image-2025-10-27-at-5.51.52-PM-225x300.jpeg 225w, https:\/\/estudiocoaching.com.ar\/wp-content\/uploads\/2025\/10\/WhatsApp-Image-2025-10-27-at-5.51.52-PM-768x1024.jpeg 768w, https:\/\/estudiocoaching.com.ar\/wp-content\/uploads\/2025\/10\/WhatsApp-Image-2025-10-27-at-5.51.52-PM-1152x1536.jpeg 1152w, https:\/\/estudiocoaching.com.ar\/wp-content\/uploads\/2025\/10\/WhatsApp-Image-2025-10-27-at-5.51.52-PM-1024x1365.jpeg 1024w, https:\/\/estudiocoaching.com.ar\/wp-content\/uploads\/2025\/10\/WhatsApp-Image-2025-10-27-at-5.51.52-PM-810x1080.jpeg 810w\" sizes=\"(max-width: 1200px) 100vw, 1200px\" \/><\/li>\n                <li style=\"display: none; width: 100%;\" class=\"slide-483 ms-image\" aria-roledescription=\"slide\" aria-label=\"slide-483\"><img width=\"1600\" height=\"1200\" src=\"https:\/\/estudiocoaching.com.ar\/wp-content\/uploads\/2025\/10\/WhatsApp-Image-2025-10-27-at-5.51.59-PM.jpeg\" class=\"slider-481 slide-483\" alt=\"\" decoding=\"async\" rel=\"\" title=\"WhatsApp-Image-2025-10-27-at-5.51.59-PM\" style=\"margin-top: 12.5%\" loading=\"lazy\" srcset=\"https:\/\/estudiocoaching.com.ar\/wp-content\/uploads\/2025\/10\/WhatsApp-Image-2025-10-27-at-5.51.59-PM.jpeg 1600w, https:\/\/estudiocoaching.com.ar\/wp-content\/uploads\/2025\/10\/WhatsApp-Image-2025-10-27-at-5.51.59-PM-300x225.jpeg 300w, https:\/\/estudiocoaching.com.ar\/wp-content\/uploads\/2025\/10\/WhatsApp-Image-2025-10-27-at-5.51.59-PM-1024x768.jpeg 1024w, https:\/\/estudiocoaching.com.ar\/wp-content\/uploads\/2025\/10\/WhatsApp-Image-2025-10-27-at-5.51.59-PM-768x576.jpeg 768w, https:\/\/estudiocoaching.com.ar\/wp-content\/uploads\/2025\/10\/WhatsApp-Image-2025-10-27-at-5.51.59-PM-1536x1152.jpeg 1536w, https:\/\/estudiocoaching.com.ar\/wp-content\/uploads\/2025\/10\/WhatsApp-Image-2025-10-27-at-5.51.59-PM-1440x1080.jpeg 1440w\" sizes=\"(max-width: 1600px) 100vw, 1600px\" \/><\/li>\n                <li style=\"display: none; width: 100%;\" class=\"slide-484 ms-image\" aria-roledescription=\"slide\" aria-label=\"slide-484\"><img width=\"1200\" height=\"1600\" src=\"https:\/\/estudiocoaching.com.ar\/wp-content\/uploads\/2025\/10\/WhatsApp-Image-2025-10-27-at-5.51.58-PM-4.jpeg\" class=\"slider-481 slide-484\" alt=\"\" decoding=\"async\" rel=\"\" title=\"WhatsApp-Image-2025-10-27-at-5.51.58-PM-4\" style=\"margin: 0 auto; width: 75%\" loading=\"lazy\" srcset=\"https:\/\/estudiocoaching.com.ar\/wp-content\/uploads\/2025\/10\/WhatsApp-Image-2025-10-27-at-5.51.58-PM-4.jpeg 1200w, https:\/\/estudiocoaching.com.ar\/wp-content\/uploads\/2025\/10\/WhatsApp-Image-2025-10-27-at-5.51.58-PM-4-225x300.jpeg 225w, https:\/\/estudiocoaching.com.ar\/wp-content\/uploads\/2025\/10\/WhatsApp-Image-2025-10-27-at-5.51.58-PM-4-768x1024.jpeg 768w, https:\/\/estudiocoaching.com.ar\/wp-content\/uploads\/2025\/10\/WhatsApp-Image-2025-10-27-at-5.51.58-PM-4-1152x1536.jpeg 1152w, https:\/\/estudiocoaching.com.ar\/wp-content\/uploads\/2025\/10\/WhatsApp-Image-2025-10-27-at-5.51.58-PM-4-1024x1365.jpeg 1024w, https:\/\/estudiocoaching.com.ar\/wp-content\/uploads\/2025\/10\/WhatsApp-Image-2025-10-27-at-5.51.58-PM-4-810x1080.jpeg 810w\" sizes=\"(max-width: 1200px) 100vw, 1200px\" \/><\/li>\n                <li style=\"display: none; width: 100%;\" class=\"slide-485 ms-image\" aria-roledescription=\"slide\" aria-label=\"slide-485\"><img width=\"1200\" height=\"1600\" src=\"https:\/\/estudiocoaching.com.ar\/wp-content\/uploads\/2025\/10\/WhatsApp-Image-2025-10-27-at-5.51.58-PM.jpeg\" class=\"slider-481 slide-485\" alt=\"\" decoding=\"async\" rel=\"\" title=\"WhatsApp-Image-2025-10-27-at-5.51.58-PM\" style=\"margin: 0 auto; width: 75%\" loading=\"lazy\" srcset=\"https:\/\/estudiocoaching.com.ar\/wp-content\/uploads\/2025\/10\/WhatsApp-Image-2025-10-27-at-5.51.58-PM.jpeg 1200w, https:\/\/estudiocoaching.com.ar\/wp-content\/uploads\/2025\/10\/WhatsApp-Image-2025-10-27-at-5.51.58-PM-225x300.jpeg 225w, https:\/\/estudiocoaching.com.ar\/wp-content\/uploads\/2025\/10\/WhatsApp-Image-2025-10-27-at-5.51.58-PM-768x1024.jpeg 768w, https:\/\/estudiocoaching.com.ar\/wp-content\/uploads\/2025\/10\/WhatsApp-Image-2025-10-27-at-5.51.58-PM-1152x1536.jpeg 1152w, https:\/\/estudiocoaching.com.ar\/wp-content\/uploads\/2025\/10\/WhatsApp-Image-2025-10-27-at-5.51.58-PM-1024x1365.jpeg 1024w, https:\/\/estudiocoaching.com.ar\/wp-content\/uploads\/2025\/10\/WhatsApp-Image-2025-10-27-at-5.51.58-PM-810x1080.jpeg 810w\" sizes=\"(max-width: 1200px) 100vw, 1200px\" \/><\/li>\n                <li style=\"display: none; width: 100%;\" class=\"slide-486 ms-image\" aria-roledescription=\"slide\" aria-label=\"slide-486\"><img width=\"1600\" height=\"1200\" src=\"https:\/\/estudiocoaching.com.ar\/wp-content\/uploads\/2025\/10\/WhatsApp-Image-2025-10-27-at-5.51.59-PM-2.jpeg\" class=\"slider-481 slide-486\" alt=\"\" decoding=\"async\" rel=\"\" title=\"WhatsApp-Image-2025-10-27-at-5.51.59-PM-2\" style=\"margin-top: 12.5%\" loading=\"lazy\" srcset=\"https:\/\/estudiocoaching.com.ar\/wp-content\/uploads\/2025\/10\/WhatsApp-Image-2025-10-27-at-5.51.59-PM-2.jpeg 1600w, https:\/\/estudiocoaching.com.ar\/wp-content\/uploads\/2025\/10\/WhatsApp-Image-2025-10-27-at-5.51.59-PM-2-300x225.jpeg 300w, https:\/\/estudiocoaching.com.ar\/wp-content\/uploads\/2025\/10\/WhatsApp-Image-2025-10-27-at-5.51.59-PM-2-1024x768.jpeg 1024w, https:\/\/estudiocoaching.com.ar\/wp-content\/uploads\/2025\/10\/WhatsApp-Image-2025-10-27-at-5.51.59-PM-2-768x576.jpeg 768w, https:\/\/estudiocoaching.com.ar\/wp-content\/uploads\/2025\/10\/WhatsApp-Image-2025-10-27-at-5.51.59-PM-2-1536x1152.jpeg 1536w, https:\/\/estudiocoaching.com.ar\/wp-content\/uploads\/2025\/10\/WhatsApp-Image-2025-10-27-at-5.51.59-PM-2-1440x1080.jpeg 1440w\" sizes=\"(max-width: 1600px) 100vw, 1600px\" \/><\/li>\n                <li style=\"display: none; width: 100%;\" class=\"slide-487 ms-image\" aria-roledescription=\"slide\" aria-label=\"slide-487\"><img width=\"1200\" height=\"1600\" src=\"https:\/\/estudiocoaching.com.ar\/wp-content\/uploads\/2025\/10\/WhatsApp-Image-2025-10-27-at-5.51.57-PM-3.jpeg\" class=\"slider-481 slide-487\" alt=\"\" decoding=\"async\" rel=\"\" title=\"WhatsApp-Image-2025-10-27-at-5.51.57-PM-3\" style=\"margin: 0 auto; width: 75%\" loading=\"lazy\" srcset=\"https:\/\/estudiocoaching.com.ar\/wp-content\/uploads\/2025\/10\/WhatsApp-Image-2025-10-27-at-5.51.57-PM-3.jpeg 1200w, https:\/\/estudiocoaching.com.ar\/wp-content\/uploads\/2025\/10\/WhatsApp-Image-2025-10-27-at-5.51.57-PM-3-225x300.jpeg 225w, https:\/\/estudiocoaching.com.ar\/wp-content\/uploads\/2025\/10\/WhatsApp-Image-2025-10-27-at-5.51.57-PM-3-768x1024.jpeg 768w, https:\/\/estudiocoaching.com.ar\/wp-content\/uploads\/2025\/10\/WhatsApp-Image-2025-10-27-at-5.51.57-PM-3-1152x1536.jpeg 1152w, https:\/\/estudiocoaching.com.ar\/wp-content\/uploads\/2025\/10\/WhatsApp-Image-2025-10-27-at-5.51.57-PM-3-1024x1365.jpeg 1024w, https:\/\/estudiocoaching.com.ar\/wp-content\/uploads\/2025\/10\/WhatsApp-Image-2025-10-27-at-5.51.57-PM-3-810x1080.jpeg 810w\" sizes=\"(max-width: 1200px) 100vw, 1200px\" \/><\/li>\n                <li style=\"display: none; width: 100%;\" class=\"slide-488 ms-image\" aria-roledescription=\"slide\" aria-label=\"slide-488\"><img width=\"1600\" height=\"1200\" src=\"https:\/\/estudiocoaching.com.ar\/wp-content\/uploads\/2025\/10\/WhatsApp-Image-2025-10-27-at-5.51.50-PM.jpeg\" class=\"slider-481 slide-488\" alt=\"\" decoding=\"async\" rel=\"\" title=\"WhatsApp-Image-2025-10-27-at-5.51.50-PM\" style=\"margin-top: 12.5%\" loading=\"lazy\" srcset=\"https:\/\/estudiocoaching.com.ar\/wp-content\/uploads\/2025\/10\/WhatsApp-Image-2025-10-27-at-5.51.50-PM.jpeg 1600w, https:\/\/estudiocoaching.com.ar\/wp-content\/uploads\/2025\/10\/WhatsApp-Image-2025-10-27-at-5.51.50-PM-300x225.jpeg 300w, https:\/\/estudiocoaching.com.ar\/wp-content\/uploads\/2025\/10\/WhatsApp-Image-2025-10-27-at-5.51.50-PM-1024x768.jpeg 1024w, https:\/\/estudiocoaching.com.ar\/wp-content\/uploads\/2025\/10\/WhatsApp-Image-2025-10-27-at-5.51.50-PM-768x576.jpeg 768w, https:\/\/estudiocoaching.com.ar\/wp-content\/uploads\/2025\/10\/WhatsApp-Image-2025-10-27-at-5.51.50-PM-1536x1152.jpeg 1536w, https:\/\/estudiocoaching.com.ar\/wp-content\/uploads\/2025\/10\/WhatsApp-Image-2025-10-27-at-5.51.50-PM-1440x1080.jpeg 1440w\" sizes=\"(max-width: 1600px) 100vw, 1600px\" \/><\/li>\n                <li style=\"display: none; width: 100%;\" class=\"slide-489 ms-image\" aria-roledescription=\"slide\" aria-label=\"slide-489\"><img width=\"1600\" height=\"1200\" src=\"https:\/\/estudiocoaching.com.ar\/wp-content\/uploads\/2025\/10\/WhatsApp-Image-2025-10-27-at-5.51.51-PM.jpeg\" class=\"slider-481 slide-489\" alt=\"\" decoding=\"async\" rel=\"\" title=\"WhatsApp-Image-2025-10-27-at-5.51.51-PM\" style=\"margin-top: 12.5%\" loading=\"lazy\" srcset=\"https:\/\/estudiocoaching.com.ar\/wp-content\/uploads\/2025\/10\/WhatsApp-Image-2025-10-27-at-5.51.51-PM.jpeg 1600w, https:\/\/estudiocoaching.com.ar\/wp-content\/uploads\/2025\/10\/WhatsApp-Image-2025-10-27-at-5.51.51-PM-300x225.jpeg 300w, https:\/\/estudiocoaching.com.ar\/wp-content\/uploads\/2025\/10\/WhatsApp-Image-2025-10-27-at-5.51.51-PM-1024x768.jpeg 1024w, https:\/\/estudiocoaching.com.ar\/wp-content\/uploads\/2025\/10\/WhatsApp-Image-2025-10-27-at-5.51.51-PM-768x576.jpeg 768w, https:\/\/estudiocoaching.com.ar\/wp-content\/uploads\/2025\/10\/WhatsApp-Image-2025-10-27-at-5.51.51-PM-1536x1152.jpeg 1536w, https:\/\/estudiocoaching.com.ar\/wp-content\/uploads\/2025\/10\/WhatsApp-Image-2025-10-27-at-5.51.51-PM-1440x1080.jpeg 1440w\" sizes=\"(max-width: 1600px) 100vw, 1600px\" \/><\/li>\n                <li style=\"display: none; width: 100%;\" class=\"slide-490 ms-image\" aria-roledescription=\"slide\" aria-label=\"slide-490\"><img width=\"1600\" height=\"1200\" src=\"https:\/\/estudiocoaching.com.ar\/wp-content\/uploads\/2025\/10\/WhatsApp-Image-2025-10-27-at-5.52.05-PM.jpeg\" class=\"slider-481 slide-490\" alt=\"\" decoding=\"async\" rel=\"\" title=\"WhatsApp-Image-2025-10-27-at-5.52.05-PM\" style=\"margin-top: 12.5%\" loading=\"lazy\" srcset=\"https:\/\/estudiocoaching.com.ar\/wp-content\/uploads\/2025\/10\/WhatsApp-Image-2025-10-27-at-5.52.05-PM.jpeg 1600w, https:\/\/estudiocoaching.com.ar\/wp-content\/uploads\/2025\/10\/WhatsApp-Image-2025-10-27-at-5.52.05-PM-300x225.jpeg 300w, https:\/\/estudiocoaching.com.ar\/wp-content\/uploads\/2025\/10\/WhatsApp-Image-2025-10-27-at-5.52.05-PM-1024x768.jpeg 1024w, https:\/\/estudiocoaching.com.ar\/wp-content\/uploads\/2025\/10\/WhatsApp-Image-2025-10-27-at-5.52.05-PM-768x576.jpeg 768w, https:\/\/estudiocoaching.com.ar\/wp-content\/uploads\/2025\/10\/WhatsApp-Image-2025-10-27-at-5.52.05-PM-1536x1152.jpeg 1536w, https:\/\/estudiocoaching.com.ar\/wp-content\/uploads\/2025\/10\/WhatsApp-Image-2025-10-27-at-5.52.05-PM-1440x1080.jpeg 1440w\" sizes=\"(max-width: 1600px) 100vw, 1600px\" \/><\/li>\n                <li style=\"display: none; width: 100%;\" class=\"slide-491 ms-image\" aria-roledescription=\"slide\" aria-label=\"slide-491\"><img width=\"1600\" height=\"1200\" src=\"https:\/\/estudiocoaching.com.ar\/wp-content\/uploads\/2025\/10\/WhatsApp-Image-2025-10-27-at-5.52.05-PM-1.jpeg\" class=\"slider-481 slide-491\" alt=\"\" decoding=\"async\" rel=\"\" title=\"WhatsApp-Image-2025-10-27-at-5.52.05-PM-1\" style=\"margin-top: 12.5%\" loading=\"lazy\" srcset=\"https:\/\/estudiocoaching.com.ar\/wp-content\/uploads\/2025\/10\/WhatsApp-Image-2025-10-27-at-5.52.05-PM-1.jpeg 1600w, https:\/\/estudiocoaching.com.ar\/wp-content\/uploads\/2025\/10\/WhatsApp-Image-2025-10-27-at-5.52.05-PM-1-300x225.jpeg 300w, https:\/\/estudiocoaching.com.ar\/wp-content\/uploads\/2025\/10\/WhatsApp-Image-2025-10-27-at-5.52.05-PM-1-1024x768.jpeg 1024w, https:\/\/estudiocoaching.com.ar\/wp-content\/uploads\/2025\/10\/WhatsApp-Image-2025-10-27-at-5.52.05-PM-1-768x576.jpeg 768w, https:\/\/estudiocoaching.com.ar\/wp-content\/uploads\/2025\/10\/WhatsApp-Image-2025-10-27-at-5.52.05-PM-1-1536x1152.jpeg 1536w, https:\/\/estudiocoaching.com.ar\/wp-content\/uploads\/2025\/10\/WhatsApp-Image-2025-10-27-at-5.52.05-PM-1-1440x1080.jpeg 1440w\" sizes=\"(max-width: 1600px) 100vw, 1600px\" \/><\/li>\n                <li style=\"display: none; width: 100%;\" class=\"slide-492 ms-image\" aria-roledescription=\"slide\" aria-label=\"slide-492\"><img width=\"1600\" height=\"1200\" src=\"https:\/\/estudiocoaching.com.ar\/wp-content\/uploads\/2025\/10\/WhatsApp-Image-2025-10-27-at-5.51.34-PM.jpeg\" class=\"slider-481 slide-492\" alt=\"\" decoding=\"async\" rel=\"\" title=\"WhatsApp-Image-2025-10-27-at-5.51.34-PM\" style=\"margin-top: 12.5%\" loading=\"lazy\" srcset=\"https:\/\/estudiocoaching.com.ar\/wp-content\/uploads\/2025\/10\/WhatsApp-Image-2025-10-27-at-5.51.34-PM.jpeg 1600w, https:\/\/estudiocoaching.com.ar\/wp-content\/uploads\/2025\/10\/WhatsApp-Image-2025-10-27-at-5.51.34-PM-300x225.jpeg 300w, https:\/\/estudiocoaching.com.ar\/wp-content\/uploads\/2025\/10\/WhatsApp-Image-2025-10-27-at-5.51.34-PM-1024x768.jpeg 1024w, https:\/\/estudiocoaching.com.ar\/wp-content\/uploads\/2025\/10\/WhatsApp-Image-2025-10-27-at-5.51.34-PM-768x576.jpeg 768w, https:\/\/estudiocoaching.com.ar\/wp-content\/uploads\/2025\/10\/WhatsApp-Image-2025-10-27-at-5.51.34-PM-1536x1152.jpeg 1536w, https:\/\/estudiocoaching.com.ar\/wp-content\/uploads\/2025\/10\/WhatsApp-Image-2025-10-27-at-5.51.34-PM-1440x1080.jpeg 1440w\" sizes=\"(max-width: 1600px) 100vw, 1600px\" \/><\/li>\n                <li style=\"display: none; width: 100%;\" class=\"slide-493 ms-image\" aria-roledescription=\"slide\" aria-label=\"slide-493\"><img width=\"1200\" height=\"1600\" src=\"https:\/\/estudiocoaching.com.ar\/wp-content\/uploads\/2025\/10\/WhatsApp-Image-2025-10-27-at-5.51.53-PM.jpeg\" class=\"slider-481 slide-493\" alt=\"\" decoding=\"async\" rel=\"\" title=\"WhatsApp-Image-2025-10-27-at-5.51.53-PM\" style=\"margin: 0 auto; width: 75%\" loading=\"lazy\" srcset=\"https:\/\/estudiocoaching.com.ar\/wp-content\/uploads\/2025\/10\/WhatsApp-Image-2025-10-27-at-5.51.53-PM.jpeg 1200w, https:\/\/estudiocoaching.com.ar\/wp-content\/uploads\/2025\/10\/WhatsApp-Image-2025-10-27-at-5.51.53-PM-225x300.jpeg 225w, https:\/\/estudiocoaching.com.ar\/wp-content\/uploads\/2025\/10\/WhatsApp-Image-2025-10-27-at-5.51.53-PM-768x1024.jpeg 768w, https:\/\/estudiocoaching.com.ar\/wp-content\/uploads\/2025\/10\/WhatsApp-Image-2025-10-27-at-5.51.53-PM-1152x1536.jpeg 1152w, https:\/\/estudiocoaching.com.ar\/wp-content\/uploads\/2025\/10\/WhatsApp-Image-2025-10-27-at-5.51.53-PM-1024x1365.jpeg 1024w, https:\/\/estudiocoaching.com.ar\/wp-content\/uploads\/2025\/10\/WhatsApp-Image-2025-10-27-at-5.51.53-PM-810x1080.jpeg 810w\" sizes=\"(max-width: 1200px) 100vw, 1200px\" \/><\/li>\n                <li style=\"display: none; width: 100%;\" class=\"slide-494 ms-image\" aria-roledescription=\"slide\" aria-label=\"slide-494\"><img width=\"1200\" height=\"1600\" src=\"https:\/\/estudiocoaching.com.ar\/wp-content\/uploads\/2025\/10\/WhatsApp-Image-2025-10-27-at-5.51.57-PM-4.jpeg\" class=\"slider-481 slide-494\" alt=\"\" decoding=\"async\" rel=\"\" title=\"WhatsApp-Image-2025-10-27-at-5.51.57-PM-4\" style=\"margin: 0 auto; width: 75%\" loading=\"lazy\" srcset=\"https:\/\/estudiocoaching.com.ar\/wp-content\/uploads\/2025\/10\/WhatsApp-Image-2025-10-27-at-5.51.57-PM-4.jpeg 1200w, https:\/\/estudiocoaching.com.ar\/wp-content\/uploads\/2025\/10\/WhatsApp-Image-2025-10-27-at-5.51.57-PM-4-225x300.jpeg 225w, https:\/\/estudiocoaching.com.ar\/wp-content\/uploads\/2025\/10\/WhatsApp-Image-2025-10-27-at-5.51.57-PM-4-768x1024.jpeg 768w, https:\/\/estudiocoaching.com.ar\/wp-content\/uploads\/2025\/10\/WhatsApp-Image-2025-10-27-at-5.51.57-PM-4-1152x1536.jpeg 1152w, https:\/\/estudiocoaching.com.ar\/wp-content\/uploads\/2025\/10\/WhatsApp-Image-2025-10-27-at-5.51.57-PM-4-1024x1365.jpeg 1024w, https:\/\/estudiocoaching.com.ar\/wp-content\/uploads\/2025\/10\/WhatsApp-Image-2025-10-27-at-5.51.57-PM-4-810x1080.jpeg 810w\" sizes=\"(max-width: 1200px) 100vw, 1200px\" \/><\/li>\n                <li style=\"display: none; width: 100%;\" class=\"slide-495 ms-image\" aria-roledescription=\"slide\" aria-label=\"slide-495\"><img width=\"1200\" height=\"1600\" src=\"https:\/\/estudiocoaching.com.ar\/wp-content\/uploads\/2025\/10\/WhatsApp-Image-2025-10-27-at-5.51.58-PM-1.jpeg\" class=\"slider-481 slide-495\" alt=\"\" decoding=\"async\" rel=\"\" title=\"WhatsApp-Image-2025-10-27-at-5.51.58-PM-1\" style=\"margin: 0 auto; width: 75%\" loading=\"lazy\" srcset=\"https:\/\/estudiocoaching.com.ar\/wp-content\/uploads\/2025\/10\/WhatsApp-Image-2025-10-27-at-5.51.58-PM-1.jpeg 1200w, https:\/\/estudiocoaching.com.ar\/wp-content\/uploads\/2025\/10\/WhatsApp-Image-2025-10-27-at-5.51.58-PM-1-225x300.jpeg 225w, https:\/\/estudiocoaching.com.ar\/wp-content\/uploads\/2025\/10\/WhatsApp-Image-2025-10-27-at-5.51.58-PM-1-768x1024.jpeg 768w, https:\/\/estudiocoaching.com.ar\/wp-content\/uploads\/2025\/10\/WhatsApp-Image-2025-10-27-at-5.51.58-PM-1-1152x1536.jpeg 1152w, https:\/\/estudiocoaching.com.ar\/wp-content\/uploads\/2025\/10\/WhatsApp-Image-2025-10-27-at-5.51.58-PM-1-1024x1365.jpeg 1024w, https:\/\/estudiocoaching.com.ar\/wp-content\/uploads\/2025\/10\/WhatsApp-Image-2025-10-27-at-5.51.58-PM-1-810x1080.jpeg 810w\" sizes=\"(max-width: 1200px) 100vw, 1200px\" \/><\/li>\n                <li style=\"display: none; width: 100%;\" class=\"slide-496 ms-image\" aria-roledescription=\"slide\" aria-label=\"slide-496\"><img width=\"1200\" height=\"1600\" src=\"https:\/\/estudiocoaching.com.ar\/wp-content\/uploads\/2025\/10\/WhatsApp-Image-2025-10-27-at-5.51.57-PM-1.jpeg\" class=\"slider-481 slide-496\" alt=\"\" decoding=\"async\" rel=\"\" title=\"WhatsApp-Image-2025-10-27-at-5.51.57-PM-1\" style=\"margin: 0 auto; width: 75%\" loading=\"lazy\" srcset=\"https:\/\/estudiocoaching.com.ar\/wp-content\/uploads\/2025\/10\/WhatsApp-Image-2025-10-27-at-5.51.57-PM-1.jpeg 1200w, https:\/\/estudiocoaching.com.ar\/wp-content\/uploads\/2025\/10\/WhatsApp-Image-2025-10-27-at-5.51.57-PM-1-225x300.jpeg 225w, https:\/\/estudiocoaching.com.ar\/wp-content\/uploads\/2025\/10\/WhatsApp-Image-2025-10-27-at-5.51.57-PM-1-768x1024.jpeg 768w, https:\/\/estudiocoaching.com.ar\/wp-content\/uploads\/2025\/10\/WhatsApp-Image-2025-10-27-at-5.51.57-PM-1-1152x1536.jpeg 1152w, https:\/\/estudiocoaching.com.ar\/wp-content\/uploads\/2025\/10\/WhatsApp-Image-2025-10-27-at-5.51.57-PM-1-1024x1365.jpeg 1024w, https:\/\/estudiocoaching.com.ar\/wp-content\/uploads\/2025\/10\/WhatsApp-Image-2025-10-27-at-5.51.57-PM-1-810x1080.jpeg 810w\" sizes=\"(max-width: 1200px) 100vw, 1200px\" \/><\/li>\n                <li style=\"display: none; width: 100%;\" class=\"slide-497 ms-image\" aria-roledescription=\"slide\" aria-label=\"slide-497\"><img width=\"1200\" height=\"1600\" src=\"https:\/\/estudiocoaching.com.ar\/wp-content\/uploads\/2025\/10\/WhatsApp-Image-2025-10-27-at-5.51.56-PM.jpeg\" class=\"slider-481 slide-497\" alt=\"\" decoding=\"async\" rel=\"\" title=\"WhatsApp-Image-2025-10-27-at-5.51.56-PM\" style=\"margin: 0 auto; width: 75%\" loading=\"lazy\" srcset=\"https:\/\/estudiocoaching.com.ar\/wp-content\/uploads\/2025\/10\/WhatsApp-Image-2025-10-27-at-5.51.56-PM.jpeg 1200w, https:\/\/estudiocoaching.com.ar\/wp-content\/uploads\/2025\/10\/WhatsApp-Image-2025-10-27-at-5.51.56-PM-225x300.jpeg 225w, https:\/\/estudiocoaching.com.ar\/wp-content\/uploads\/2025\/10\/WhatsApp-Image-2025-10-27-at-5.51.56-PM-768x1024.jpeg 768w, https:\/\/estudiocoaching.com.ar\/wp-content\/uploads\/2025\/10\/WhatsApp-Image-2025-10-27-at-5.51.56-PM-1152x1536.jpeg 1152w, https:\/\/estudiocoaching.com.ar\/wp-content\/uploads\/2025\/10\/WhatsApp-Image-2025-10-27-at-5.51.56-PM-1024x1365.jpeg 1024w, https:\/\/estudiocoaching.com.ar\/wp-content\/uploads\/2025\/10\/WhatsApp-Image-2025-10-27-at-5.51.56-PM-810x1080.jpeg 810w\" sizes=\"(max-width: 1200px) 100vw, 1200px\" \/><\/li>\n                <li style=\"display: none; width: 100%;\" class=\"slide-498 ms-image\" aria-roledescription=\"slide\" aria-label=\"slide-498\"><img width=\"1600\" height=\"1200\" src=\"https:\/\/estudiocoaching.com.ar\/wp-content\/uploads\/2025\/10\/WhatsApp-Image-2025-10-27-at-5.51.56-PM-1.jpeg\" class=\"slider-481 slide-498\" alt=\"\" decoding=\"async\" rel=\"\" title=\"WhatsApp-Image-2025-10-27-at-5.51.56-PM-1\" style=\"margin-top: 12.5%\" loading=\"lazy\" srcset=\"https:\/\/estudiocoaching.com.ar\/wp-content\/uploads\/2025\/10\/WhatsApp-Image-2025-10-27-at-5.51.56-PM-1.jpeg 1600w, https:\/\/estudiocoaching.com.ar\/wp-content\/uploads\/2025\/10\/WhatsApp-Image-2025-10-27-at-5.51.56-PM-1-300x225.jpeg 300w, https:\/\/estudiocoaching.com.ar\/wp-content\/uploads\/2025\/10\/WhatsApp-Image-2025-10-27-at-5.51.56-PM-1-1024x768.jpeg 1024w, https:\/\/estudiocoaching.com.ar\/wp-content\/uploads\/2025\/10\/WhatsApp-Image-2025-10-27-at-5.51.56-PM-1-768x576.jpeg 768w, https:\/\/estudiocoaching.com.ar\/wp-content\/uploads\/2025\/10\/WhatsApp-Image-2025-10-27-at-5.51.56-PM-1-1536x1152.jpeg 1536w, https:\/\/estudiocoaching.com.ar\/wp-content\/uploads\/2025\/10\/WhatsApp-Image-2025-10-27-at-5.51.56-PM-1-1440x1080.jpeg 1440w\" sizes=\"(max-width: 1600px) 100vw, 1600px\" \/><\/li>\n                <li style=\"display: none; width: 100%;\" class=\"slide-499 ms-image\" aria-roledescription=\"slide\" aria-label=\"slide-499\"><img width=\"1200\" height=\"1600\" src=\"https:\/\/estudiocoaching.com.ar\/wp-content\/uploads\/2025\/10\/WhatsApp-Image-2025-10-27-at-5.51.58-PM-2.jpeg\" class=\"slider-481 slide-499\" alt=\"\" decoding=\"async\" rel=\"\" title=\"WhatsApp-Image-2025-10-27-at-5.51.58-PM-2\" style=\"margin: 0 auto; width: 75%\" loading=\"lazy\" srcset=\"https:\/\/estudiocoaching.com.ar\/wp-content\/uploads\/2025\/10\/WhatsApp-Image-2025-10-27-at-5.51.58-PM-2.jpeg 1200w, https:\/\/estudiocoaching.com.ar\/wp-content\/uploads\/2025\/10\/WhatsApp-Image-2025-10-27-at-5.51.58-PM-2-225x300.jpeg 225w, https:\/\/estudiocoaching.com.ar\/wp-content\/uploads\/2025\/10\/WhatsApp-Image-2025-10-27-at-5.51.58-PM-2-768x1024.jpeg 768w, https:\/\/estudiocoaching.com.ar\/wp-content\/uploads\/2025\/10\/WhatsApp-Image-2025-10-27-at-5.51.58-PM-2-1152x1536.jpeg 1152w, https:\/\/estudiocoaching.com.ar\/wp-content\/uploads\/2025\/10\/WhatsApp-Image-2025-10-27-at-5.51.58-PM-2-1024x1365.jpeg 1024w, https:\/\/estudiocoaching.com.ar\/wp-content\/uploads\/2025\/10\/WhatsApp-Image-2025-10-27-at-5.51.58-PM-2-810x1080.jpeg 810w\" sizes=\"(max-width: 1200px) 100vw, 1200px\" \/><\/li>\n            <\/ul>\n        <\/div>\n        \n    <\/div>\n<\/div><\/div>\n\n\n\n<figure class=\"wp-block-video\"><video controls src=\"https:\/\/estudiocoaching.com.ar\/wp-content\/uploads\/2025\/10\/WhatsApp-Video-2025-10-27-at-5.51.48-PM.mp4\"><\/video><\/figure>\n\n\n\n<figure class=\"wp-block-video\"><video controls src=\"https:\/\/estudiocoaching.com.ar\/wp-content\/uploads\/2025\/10\/WhatsApp-Video-2025-10-27-at-5.52.04-PM.mp4\"><\/video><\/figure>\n","protected":false},"excerpt":{"rendered":"<p>Tuve la oportunidad de asistir a La Semana LIBROFUTBOL, una experiencia \u00fanica pensada para entrenadores, formadores y apasionados del f\u00fatbol que buscan seguir aprendiendo y creciendo dentro y fuera de la cancha. \u26bd\ud83d\udcda Fueron cuatro d\u00edas intensivos combinando teor\u00eda, pr\u00e1ctica y mentor\u00eda junto a grandes profesionales del f\u00fatbol argentino y latinoamericano.Una propuesta completa que permiti\u00f3&hellip; <br \/> <a class=\"read-more\" href=\"https:\/\/estudiocoaching.com.ar\/index.php\/semana-librofutbol\/\">Leer m\u00e1s<\/a><\/p>\n","protected":false},"author":1,"featured_media":0,"parent":0,"menu_order":0,"comment_status":"closed","ping_status":"closed","template":"","meta":{"footnotes":""},"_links":{"self":[{"href":"https:\/\/estudiocoaching.com.ar\/index.php\/wp-json\/wp\/v2\/pages\/459"}],"collection":[{"href":"https:\/\/estudiocoaching.com.ar\/index.php\/wp-json\/wp\/v2\/pages"}],"about":[{"href":"https:\/\/estudiocoaching.com.ar\/index.php\/wp-json\/wp\/v2\/types\/page"}],"author":[{"embeddable":true,"href":"https:\/\/estudiocoaching.com.ar\/index.php\/wp-json\/wp\/v2\/users\/1"}],"replies":[{"embeddable":true,"href":"https:\/\/estudiocoaching.com.ar\/index.php\/wp-json\/wp\/v2\/comments?post=459"}],"version-history":[{"count":5,"href":"https:\/\/estudiocoaching.com.ar\/index.php\/wp-json\/wp\/v2\/pages\/459\/revisions"}],"predecessor-version":[{"id":564,"href":"https:\/\/estudiocoaching.com.ar\/index.php\/wp-json\/wp\/v2\/pages\/459\/revisions\/564"}],"wp:attachment":[{"href":"https:\/\/estudiocoaching.com.ar\/index.php\/wp-json\/wp\/v2\/media?parent=459"}],"curies":[{"name":"wp","href":"https:\/\/api.w.org\/{rel}","templated":true}]}}