{"id":565,"date":"2025-10-30T12:01:12","date_gmt":"2025-10-30T11:01:12","guid":{"rendered":"https:\/\/estudiocoaching.com.ar\/?page_id=565"},"modified":"2025-10-30T12:01:12","modified_gmt":"2025-10-30T11:01:12","slug":"director-tecnico","status":"publish","type":"page","link":"https:\/\/estudiocoaching.com.ar\/index.php\/director-tecnico\/","title":{"rendered":"Director T\u00e9cnico"},"content":{"rendered":"\n<h3 class=\"wp-block-heading\">\u26bd Creciendo desde adentro del juego: \u00a1Director T\u00e9cnico de F\u00fatbol!<\/h3>\n\n\n\n<p>Formarme como <strong>Director T\u00e9cnico<\/strong> representa mucho m\u00e1s que obtener una titulaci\u00f3n: es el resultado de a\u00f1os de pasi\u00f3n, estudio y compromiso con el f\u00fatbol como forma de vida. Este camino me ha permitido comprender el juego desde una mirada integral, uniendo la t\u00e1ctica, la estrategia y, sobre todo, el trabajo humano detr\u00e1s de cada equipo.<\/p>\n\n\n\n<p>Cuento con la <strong>Licencia B habilitada<\/strong> y actualmente me encuentro cursando la <strong>Licencia A<\/strong>, avanzando en mi desarrollo profesional para seguir creciendo dentro del \u00e1mbito formativo y competitivo.<\/p>\n\n\n\n<p>Mi objetivo es seguir aprendiendo y compartiendo experiencias que impulsen el rendimiento, el liderazgo y el crecimiento de jugadores y equipos. Porque el f\u00fatbol, m\u00e1s que un deporte, es una escuela constante de valores, esfuerzo y evoluci\u00f3n.<\/p>\n","protected":false},"excerpt":{"rendered":"<p>\u26bd Creciendo desde adentro del juego: \u00a1Director T\u00e9cnico de F\u00fatbol! Formarme como Director T\u00e9cnico representa mucho m\u00e1s que obtener una titulaci\u00f3n: es el resultado de a\u00f1os de pasi\u00f3n, estudio y compromiso con el f\u00fatbol como forma de vida. Este camino me ha permitido comprender el juego desde una mirada integral, uniendo la t\u00e1ctica, la estrategia&hellip; <br \/> <a class=\"read-more\" href=\"https:\/\/estudiocoaching.com.ar\/index.php\/director-tecnico\/\">Leer m\u00e1s<\/a><\/p>\n","protected":false},"author":1,"featured_media":0,"parent":0,"menu_order":0,"comment_status":"closed","ping_status":"closed","template":"","meta":{"footnotes":""},"_links":{"self":[{"href":"https:\/\/estudiocoaching.com.ar\/index.php\/wp-json\/wp\/v2\/pages\/565"}],"collection":[{"href":"https:\/\/estudiocoaching.com.ar\/index.php\/wp-json\/wp\/v2\/pages"}],"about":[{"href":"https:\/\/estudiocoaching.com.ar\/index.php\/wp-json\/wp\/v2\/types\/page"}],"author":[{"embeddable":true,"href":"https:\/\/estudiocoaching.com.ar\/index.php\/wp-json\/wp\/v2\/users\/1"}],"replies":[{"embeddable":true,"href":"https:\/\/estudiocoaching.com.ar\/index.php\/wp-json\/wp\/v2\/comments?post=565"}],"version-history":[{"count":1,"href":"https:\/\/estudiocoaching.com.ar\/index.php\/wp-json\/wp\/v2\/pages\/565\/revisions"}],"predecessor-version":[{"id":567,"href":"https:\/\/estudiocoaching.com.ar\/index.php\/wp-json\/wp\/v2\/pages\/565\/revisions\/567"}],"wp:attachment":[{"href":"https:\/\/estudiocoaching.com.ar\/index.php\/wp-json\/wp\/v2\/media?parent=565"}],"curies":[{"name":"wp","href":"https:\/\/api.w.org\/{rel}","templated":true}]}}