{"id":60,"date":"2023-09-18T14:27:01","date_gmt":"2023-09-18T12:27:01","guid":{"rendered":"https:\/\/estudiocoaching.com.ar\/?page_id=60"},"modified":"2023-09-21T17:41:37","modified_gmt":"2023-09-21T15:41:37","slug":"que-es-el-coaching-deportivo","status":"publish","type":"page","link":"https:\/\/estudiocoaching.com.ar\/index.php\/que-es-el-coaching-deportivo\/","title":{"rendered":"Coaching Deportivo"},"content":{"rendered":"<div class=\"wp-block-image\">\n<figure class=\"aligncenter size-large\"><img decoding=\"async\" loading=\"lazy\" width=\"1024\" height=\"576\" src=\"https:\/\/estudiocoaching.com.ar\/wp-content\/uploads\/2023\/09\/Presentacion-de-Plan-de-Marketing-de-la-Empresa-Elegante-Corporativo-Profesional-Negro-y-Rojo_20230921_103741_0000_page-0001-1024x576.jpg\" alt=\"\" class=\"wp-image-170\" srcset=\"https:\/\/estudiocoaching.com.ar\/wp-content\/uploads\/2023\/09\/Presentacion-de-Plan-de-Marketing-de-la-Empresa-Elegante-Corporativo-Profesional-Negro-y-Rojo_20230921_103741_0000_page-0001-1024x576.jpg 1024w, https:\/\/estudiocoaching.com.ar\/wp-content\/uploads\/2023\/09\/Presentacion-de-Plan-de-Marketing-de-la-Empresa-Elegante-Corporativo-Profesional-Negro-y-Rojo_20230921_103741_0000_page-0001-300x169.jpg 300w, https:\/\/estudiocoaching.com.ar\/wp-content\/uploads\/2023\/09\/Presentacion-de-Plan-de-Marketing-de-la-Empresa-Elegante-Corporativo-Profesional-Negro-y-Rojo_20230921_103741_0000_page-0001-768x432.jpg 768w, https:\/\/estudiocoaching.com.ar\/wp-content\/uploads\/2023\/09\/Presentacion-de-Plan-de-Marketing-de-la-Empresa-Elegante-Corporativo-Profesional-Negro-y-Rojo_20230921_103741_0000_page-0001-1536x864.jpg 1536w, https:\/\/estudiocoaching.com.ar\/wp-content\/uploads\/2023\/09\/Presentacion-de-Plan-de-Marketing-de-la-Empresa-Elegante-Corporativo-Profesional-Negro-y-Rojo_20230921_103741_0000_page-0001-2048x1152.jpg 2048w, https:\/\/estudiocoaching.com.ar\/wp-content\/uploads\/2023\/09\/Presentacion-de-Plan-de-Marketing-de-la-Empresa-Elegante-Corporativo-Profesional-Negro-y-Rojo_20230921_103741_0000_page-0001-1920x1080.jpg 1920w\" sizes=\"(max-width: 1024px) 100vw, 1024px\" \/><\/figure><\/div>\n\n\n<p>El coaching deportivo es una disciplina que se enfoca en el desarrollo personal y profesional de los deportistas y equipos, con el objetivo de mejorar su rendimiento y alcanzar metas espec\u00edficas. El coach deportivo, tambi\u00e9n conocido como entrenador personal, no solo se enfoca en aspectos t\u00e9cnicos y f\u00edsicos del deporte, sino que tambi\u00e9n aborda aspectos emocionales y mentales que pueden afectar el desempe\u00f1o y el bienestar de los atletas.<\/p>\n\n\n<div class=\"wp-block-image\">\n<figure class=\"aligncenter size-large\"><img decoding=\"async\" loading=\"lazy\" width=\"1024\" height=\"683\" src=\"https:\/\/estudiocoaching.com.ar\/wp-content\/uploads\/2023\/09\/coach-deportivo-1024x683.jpg\" alt=\"\" class=\"wp-image-62\" srcset=\"https:\/\/estudiocoaching.com.ar\/wp-content\/uploads\/2023\/09\/coach-deportivo-1024x683.jpg 1024w, https:\/\/estudiocoaching.com.ar\/wp-content\/uploads\/2023\/09\/coach-deportivo-300x200.jpg 300w, https:\/\/estudiocoaching.com.ar\/wp-content\/uploads\/2023\/09\/coach-deportivo-768x512.jpg 768w, https:\/\/estudiocoaching.com.ar\/wp-content\/uploads\/2023\/09\/coach-deportivo.jpg 1200w\" sizes=\"(max-width: 1024px) 100vw, 1024px\" \/><\/figure><\/div>\n\n\n<p>El coaching deportivo se basa en una relaci\u00f3n de colaboraci\u00f3n entre el coach y el deportista o equipo, en la que el coach gu\u00eda, motiva, y empodera al atleta para que alcance su m\u00e1ximo potencial. A trav\u00e9s de sesiones de coaching individuales o grupales, se trabajan diferentes aspectos, como la fijaci\u00f3n de los objetivos, la planificaci\u00f3n estrat\u00e9gica, la gesti\u00f3n de emociones, la superaci\u00f3n de obst\u00e1culos, la mejora del enfoque mental, la toma de decisiones, la comunicaci\u00f3n efectiva y el desarrollo de habilidades especificas relacionadas con el deporte.<\/p>\n\n\n\n<p>El coaching deportivo no se limita solo a atletas profesionales, sino que tambi\u00e9n puede ser \u00fatil para deportistas amateurs, equipos juveniles, personas que buscan mejorar su rendimiento en una actividad f\u00edsica o deporte en particular, o aquellos que desean adquirir h\u00e1bitos m\u00e1s saludables relacionados con el deporte y la actividad f\u00edsica.<\/p>\n\n\n<div class=\"wp-block-image\">\n<figure class=\"aligncenter size-full\"><img decoding=\"async\" loading=\"lazy\" width=\"760\" height=\"475\" src=\"https:\/\/estudiocoaching.com.ar\/wp-content\/uploads\/2023\/09\/Mente-del-deportista-coaching-deportivo.png\" alt=\"\" class=\"wp-image-64\" srcset=\"https:\/\/estudiocoaching.com.ar\/wp-content\/uploads\/2023\/09\/Mente-del-deportista-coaching-deportivo.png 760w, https:\/\/estudiocoaching.com.ar\/wp-content\/uploads\/2023\/09\/Mente-del-deportista-coaching-deportivo-300x188.png 300w\" sizes=\"(max-width: 760px) 100vw, 760px\" \/><\/figure><\/div>\n\n\n<p>Es importante destacar que el coach deportivo no sustituye al entrenador t\u00e9cnico o especializado en el deporte en s\u00ed mismo sino que complementa su labor al centrase en el desarrollo personal y la mentalidad del deportista para potenciar su rendimiento en el campo o en la competici\u00f3n.<\/p>\n","protected":false},"excerpt":{"rendered":"<p>El coaching deportivo es una disciplina que se enfoca en el desarrollo personal y profesional de los deportistas y equipos, con el objetivo de mejorar su rendimiento y alcanzar metas espec\u00edficas. El coach deportivo, tambi\u00e9n conocido como entrenador personal, no solo se enfoca en aspectos t\u00e9cnicos y f\u00edsicos del deporte, sino que tambi\u00e9n aborda aspectos&hellip; <br \/> <a class=\"read-more\" href=\"https:\/\/estudiocoaching.com.ar\/index.php\/que-es-el-coaching-deportivo\/\">Leer m\u00e1s<\/a><\/p>\n","protected":false},"author":1,"featured_media":0,"parent":0,"menu_order":0,"comment_status":"closed","ping_status":"closed","template":"","meta":{"footnotes":""},"_links":{"self":[{"href":"https:\/\/estudiocoaching.com.ar\/index.php\/wp-json\/wp\/v2\/pages\/60"}],"collection":[{"href":"https:\/\/estudiocoaching.com.ar\/index.php\/wp-json\/wp\/v2\/pages"}],"about":[{"href":"https:\/\/estudiocoaching.com.ar\/index.php\/wp-json\/wp\/v2\/types\/page"}],"author":[{"embeddable":true,"href":"https:\/\/estudiocoaching.com.ar\/index.php\/wp-json\/wp\/v2\/users\/1"}],"replies":[{"embeddable":true,"href":"https:\/\/estudiocoaching.com.ar\/index.php\/wp-json\/wp\/v2\/comments?post=60"}],"version-history":[{"count":6,"href":"https:\/\/estudiocoaching.com.ar\/index.php\/wp-json\/wp\/v2\/pages\/60\/revisions"}],"predecessor-version":[{"id":174,"href":"https:\/\/estudiocoaching.com.ar\/index.php\/wp-json\/wp\/v2\/pages\/60\/revisions\/174"}],"wp:attachment":[{"href":"https:\/\/estudiocoaching.com.ar\/index.php\/wp-json\/wp\/v2\/media?parent=60"}],"curies":[{"name":"wp","href":"https:\/\/api.w.org\/{rel}","templated":true}]}}